{"id":2694,"date":"2025-07-09T16:01:04","date_gmt":"2025-07-09T14:01:04","guid":{"rendered":"https:\/\/nextmobility.be\/politique-de-confidentialite\/"},"modified":"2025-09-17T21:13:57","modified_gmt":"2025-09-17T19:13:57","slug":"privacy-policy","status":"publish","type":"page","link":"https:\/\/www.nextmobility.be\/nl\/privacy-policy\/","title":{"rendered":"Privacy Policy"},"content":{"rendered":"\t\t<div data-elementor-type=\"wp-page\" data-elementor-id=\"2694\" class=\"elementor elementor-2694 elementor-3\" data-elementor-post-type=\"page\">\n\t\t\t\t<div class=\"elementor-element elementor-element-f69a1b1 e-flex e-con-boxed e-con e-parent\" data-id=\"f69a1b1\" data-element_type=\"container\" data-e-type=\"container\">\n\t\t\t\t\t<div class=\"e-con-inner\">\n\t\t\t\t<div class=\"elementor-element elementor-element-056f83f elementor-widget elementor-widget-heading\" data-id=\"056f83f\" data-element_type=\"widget\" data-e-type=\"widget\" data-widget_type=\"heading.default\">\n\t\t\t\t\t<h1 class=\"elementor-heading-title elementor-size-default\">Politique de confidentialit\u00e9<\/h1>\t\t\t\t<\/div>\n\t\t\t\t<div class=\"elementor-element elementor-element-619a27b elementor-widget elementor-widget-text-editor\" data-id=\"619a27b\" data-element_type=\"widget\" data-e-type=\"widget\" data-widget_type=\"text-editor.default\">\n\t\t\t\t\t\t\t\t\t<h3>1. Collecte de l\u2019information<\/h3><p>Nous recueillons des informations lorsque vous vous inscrivez sur notre site dans le cadre d\u2019une demande de contact et dans le cadre d\u2019une relation contractuelle. Les informations recueillies incluent votre nom, votre nom de soci\u00e9t\u00e9 (si applicable), votre adresse e- mail, votre num\u00e9ro de t\u00e9l\u00e9phone, ainsi que votre pays d\u2019origine. En outre, nous recevons et enregistrons automatiquement des informations \u00e0 partir de votre ordinateur et navigateur, y compris votre adresse IP, vos logiciels et votre mat\u00e9riel, et la page que vous demandez.<\/p><h3>2. Utilisation des informations<\/h3><p>Toutes les informations personnelles que nous recueillons<br \/>peuvent \u00eatre utilis\u00e9es :<br \/>\u2713 Aux fins de vous fournir les informations ou les services que vous avez demand\u00e9s (base contractuelle)<br \/>\u2713 Aux fins de recueillir des informations nous permettant d\u2019am\u00e9liorer notre site web, nos produits et services<br \/>(base de consentement)<br \/>\u2713 Aux fins de personnaliser et d\u2019am\u00e9liorer votre exp\u00e9rience client (base de consentement)<br \/>\u2713 Afin de vous contacter par e-mail (newsletter \u00e0 destination des clients de Next Mobility) (base de consentement)<br \/>\u2713 Aux fins de garantir le service apr\u00e8s-vente (garantie, entretien,\u2026) (base contractuelle)<\/p><h3>3. Dur\u00e9e de conservation des donn\u00e9es<\/h3><p>Vos donn\u00e9es \u00e0 caract\u00e8re personnel trait\u00e9es par Next Mobility sont conserv\u00e9es pendant la dur\u00e9e strictement n\u00e9cessaire pour atteindre les finalit\u00e9s ci-dessus (point 2). A savoir<br \/>\u2713 3 ans pour les donn\u00e9es collect\u00e9es dans le cadre de la prospection (demande d\u2019information, de prix via le site, t\u00e9l\u00e9phone, etc.)<br \/>\u2713 15 ans pour les donn\u00e9es collect\u00e9es dans le cadre de la relation contractuelle<\/p><h3>4. Confidentialit\u00e9 de notre site web<\/h3><p>Next Mobility est le seul propri\u00e9taire des informations recueillies sur ce site. Vos informations personnelles ne seront ni vendues, ni \u00e9chang\u00e9es, ni transf\u00e9r\u00e9es, ou encore donn\u00e9es \u00e0 une autre soci\u00e9t\u00e9 pour n\u2019importe quelle raison, sans votre consentement, en dehors de ce qui est n\u00e9cessaire pour r\u00e9pondre \u00e0 votre demande.<\/p><h3>5. Divulgation \u00e0 des tiers<\/h3><p>Nous ne vendons, n\u2019\u00e9changeons et ne transf\u00e9rons pas vos informations personnelles identifiables \u00e0 des tiers. Cela ne comprend pas les tierces parties de confiance qui nous aident \u00e0 exploiter notre site Web, notre marketing, publicit\u00e9 ou \u00e0 mener nos affaires, tant que ces parties conviennent de garder ces informations confidentielles. Ils prendront les mesures n\u00e9cessaires \u00e0 la s\u00e9curit\u00e9 et \u00e0 la confidentialit\u00e9 lors du traitement de vos donn\u00e9es.<br \/>Par ailleurs, nous pensons qu\u2019il est n\u00e9cessaire de partager des informations afin d\u2019enqu\u00eater, de pr\u00e9venir ou de prendre des mesures concernant des activit\u00e9s ill\u00e9gales, fraudes pr\u00e9sum\u00e9es, situations impliquant des menaces potentielles \u00e0 la s\u00e9curit\u00e9 physique de toute personne, violations de nos conditions d\u2019utilisation, ou quand la loi nous y contraint.<\/p><h3>6. Protection des informations<\/h3><p>Nous mettons en \u0153uvre des mesures de s\u00e9curit\u00e9 pour pr\u00e9server la s\u00e9curit\u00e9 de vos informations personnelles. Nous prot\u00e9geons les informations sensibles transmises en ligne. Nous prot\u00e9geons \u00e9galement vos informations hors ligne. Seuls les employ\u00e9s qui ont besoin d\u2019effectuer un travail sp\u00e9cifique (par exemple, la facturation ou le service \u00e0 la client\u00e8le) ont acc\u00e8s aux informations personnelles identifiables. Les ordinateurs et serveurs utilis\u00e9s pour stocker des informations personnelles identifiables sont conserv\u00e9s dans un environnement s\u00e9curis\u00e9.<br \/>Est-ce que nous utilisons des cookies ? Oui. Nos cookies am\u00e9liorent l\u2019acc\u00e8s \u00e0 notre site et identifient les visiteurs r\u00e9guliers. En outre, nos cookies am\u00e9liorent l\u2019exp\u00e9rience d\u2019utilisateur gr\u00e2ce au suivi et au ciblage de ses int\u00e9r\u00eats. Cependant, cette utilisation des cookies n\u2019est en aucune fa\u00e7on li\u00e9e \u00e0 des informations personnelles identifiables sur notre site.<\/p><h3>7. Acc\u00e9der \u00e0 ou modifier vos donn\u00e9es<\/h3><p>Nous utilisons l\u2019adresse e-mail que vous fournissez sur ce site pour vous envoyer des informations et mises \u00e0 jour relatives \u00e0 votre demande, des nouvelles de l\u2019entreprise de fa\u00e7on occasionnelle, des informations sur les services li\u00e9s, etc. Vous pouvez vous d\u00e9sinscrire, acc\u00e9der \u00e0, modifier ou supprimer (si la situation le permet) vos donn\u00e9es \u00e0 n\u2019importe quel moment, par retour de mail \u00e0 l\u2019adresse info@nextmobility.be. Ou encore, vous aurez la possibilit\u00e9 de vous d\u00e9sabonner via le lien en bas de la newsletter. Vous avez \u00e9galement droit \u00e0 la portabilit\u00e9 de vos donn\u00e9es selon la l\u00e9gislation applicable.<\/p><h3>8. Consentement<\/h3><p>En utilisant notre site, vous consentez \u00e0 notre politique de confidentialit\u00e9<\/p>\t\t\t\t\t\t\t\t<\/div>\n\t\t\t\t\t<\/div>\n\t\t\t\t<\/div>\n\t\t\t\t<\/div>\n\t\t","protected":false},"excerpt":{"rendered":"<p>Politique de confidentialit\u00e9 1. Collecte de l\u2019information Nous recueillons des informations lorsque vous vous inscrivez sur notre site dans le cadre d\u2019une demande de contact et dans le cadre d\u2019une relation contractuelle. Les informations recueillies incluent votre nom, votre nom de soci\u00e9t\u00e9 (si applicable), votre adresse e- mail, votre num\u00e9ro de t\u00e9l\u00e9phone, ainsi que votre [&hellip;]<\/p>\n","protected":false},"author":1,"featured_media":0,"parent":0,"menu_order":0,"comment_status":"closed","ping_status":"closed","template":"","meta":{"_acf_changed":false,"footnotes":""},"class_list":["post-2694","page","type-page","status-publish","hentry"],"acf":[],"yoast_head":"<!-- This site is optimized with the Yoast SEO plugin v27.0 - https:\/\/yoast.com\/product\/yoast-seo-wordpress\/ -->\n<title>Privacy Policy - Next Mobility<\/title>\n<meta name=\"robots\" content=\"noindex, follow\" \/>\n<meta property=\"og:locale\" content=\"nl_NL\" \/>\n<meta property=\"og:type\" content=\"article\" \/>\n<meta property=\"og:title\" content=\"Privacy Policy - Next Mobility\" \/>\n<meta property=\"og:description\" content=\"Politique de confidentialit\u00e9 1. Collecte de l\u2019information Nous recueillons des informations lorsque vous vous inscrivez sur notre site dans le cadre d\u2019une demande de contact et dans le cadre d\u2019une relation contractuelle. Les informations recueillies incluent votre nom, votre nom de soci\u00e9t\u00e9 (si applicable), votre adresse e- mail, votre num\u00e9ro de t\u00e9l\u00e9phone, ainsi que votre [&hellip;]\" \/>\n<meta property=\"og:url\" content=\"https:\/\/www.nextmobility.be\/nl\/privacy-policy\/\" \/>\n<meta property=\"og:site_name\" content=\"Next Mobility\" \/>\n<meta property=\"article:publisher\" content=\"https:\/\/www.facebook.com\/nextmobility.be\" \/>\n<meta property=\"article:modified_time\" content=\"2025-09-17T19:13:57+00:00\" \/>\n<meta name=\"twitter:card\" content=\"summary_large_image\" \/>\n<meta name=\"twitter:label1\" content=\"Geschatte leestijd\" \/>\n\t<meta name=\"twitter:data1\" content=\"4 minuten\" \/>\n<script type=\"application\/ld+json\" class=\"yoast-schema-graph\">{\"@context\":\"https:\/\/schema.org\",\"@graph\":[{\"@type\":\"WebPage\",\"@id\":\"https:\/\/www.nextmobility.be\/nl\/privacy-policy\/\",\"url\":\"https:\/\/www.nextmobility.be\/nl\/privacy-policy\/\",\"name\":\"Privacy Policy - Next Mobility\",\"isPartOf\":{\"@id\":\"https:\/\/www.nextmobility.be\/nl\/#website\"},\"datePublished\":\"2025-07-09T14:01:04+00:00\",\"dateModified\":\"2025-09-17T19:13:57+00:00\",\"breadcrumb\":{\"@id\":\"https:\/\/www.nextmobility.be\/nl\/privacy-policy\/#breadcrumb\"},\"inLanguage\":\"nl-NL\",\"potentialAction\":[{\"@type\":\"ReadAction\",\"target\":[\"https:\/\/www.nextmobility.be\/nl\/privacy-policy\/\"]}]},{\"@type\":\"BreadcrumbList\",\"@id\":\"https:\/\/www.nextmobility.be\/nl\/privacy-policy\/#breadcrumb\",\"itemListElement\":[{\"@type\":\"ListItem\",\"position\":1,\"name\":\"Accueil\",\"item\":\"https:\/\/www.nextmobility.be\/nl\/\"},{\"@type\":\"ListItem\",\"position\":2,\"name\":\"Privacy Policy\"}]},{\"@type\":\"WebSite\",\"@id\":\"https:\/\/www.nextmobility.be\/nl\/#website\",\"url\":\"https:\/\/www.nextmobility.be\/nl\/\",\"name\":\"Next Mobility\",\"description\":\"Gestion de la Mobilit\u00e9 Durable\",\"publisher\":{\"@id\":\"https:\/\/www.nextmobility.be\/nl\/#organization\"},\"potentialAction\":[{\"@type\":\"SearchAction\",\"target\":{\"@type\":\"EntryPoint\",\"urlTemplate\":\"https:\/\/www.nextmobility.be\/nl\/?s={search_term_string}\"},\"query-input\":{\"@type\":\"PropertyValueSpecification\",\"valueRequired\":true,\"valueName\":\"search_term_string\"}}],\"inLanguage\":\"nl-NL\"},{\"@type\":\"Organization\",\"@id\":\"https:\/\/www.nextmobility.be\/nl\/#organization\",\"name\":\"Next Mobility\",\"url\":\"https:\/\/www.nextmobility.be\/nl\/\",\"logo\":{\"@type\":\"ImageObject\",\"inLanguage\":\"nl-NL\",\"@id\":\"https:\/\/www.nextmobility.be\/nl\/#\/schema\/logo\/image\/\",\"url\":\"https:\/\/www.nextmobility.be\/wp-content\/uploads\/2025\/09\/logo-next-mobility-header.svg\",\"contentUrl\":\"https:\/\/www.nextmobility.be\/wp-content\/uploads\/2025\/09\/logo-next-mobility-header.svg\",\"caption\":\"Next Mobility\"},\"image\":{\"@id\":\"https:\/\/www.nextmobility.be\/nl\/#\/schema\/logo\/image\/\"},\"sameAs\":[\"https:\/\/www.facebook.com\/nextmobility.be\",\"https:\/\/www.linkedin.com\/company\/nextmobility\/\",\"https:\/\/www.instagram.com\/nextmobilitybelgium\/\",\"https:\/\/www.youtube.com\/@NextMobilityBelgique\"]}]}<\/script>\n<!-- \/ Yoast SEO plugin. -->","yoast_head_json":{"title":"Privacy Policy - Next Mobility","robots":{"index":"noindex","follow":"follow"},"og_locale":"nl_NL","og_type":"article","og_title":"Privacy Policy - Next Mobility","og_description":"Politique de confidentialit\u00e9 1. Collecte de l\u2019information Nous recueillons des informations lorsque vous vous inscrivez sur notre site dans le cadre d\u2019une demande de contact et dans le cadre d\u2019une relation contractuelle. Les informations recueillies incluent votre nom, votre nom de soci\u00e9t\u00e9 (si applicable), votre adresse e- mail, votre num\u00e9ro de t\u00e9l\u00e9phone, ainsi que votre [&hellip;]","og_url":"https:\/\/www.nextmobility.be\/nl\/privacy-policy\/","og_site_name":"Next Mobility","article_publisher":"https:\/\/www.facebook.com\/nextmobility.be","article_modified_time":"2025-09-17T19:13:57+00:00","twitter_card":"summary_large_image","twitter_misc":{"Geschatte leestijd":"4 minuten"},"schema":{"@context":"https:\/\/schema.org","@graph":[{"@type":"WebPage","@id":"https:\/\/www.nextmobility.be\/nl\/privacy-policy\/","url":"https:\/\/www.nextmobility.be\/nl\/privacy-policy\/","name":"Privacy Policy - Next Mobility","isPartOf":{"@id":"https:\/\/www.nextmobility.be\/nl\/#website"},"datePublished":"2025-07-09T14:01:04+00:00","dateModified":"2025-09-17T19:13:57+00:00","breadcrumb":{"@id":"https:\/\/www.nextmobility.be\/nl\/privacy-policy\/#breadcrumb"},"inLanguage":"nl-NL","potentialAction":[{"@type":"ReadAction","target":["https:\/\/www.nextmobility.be\/nl\/privacy-policy\/"]}]},{"@type":"BreadcrumbList","@id":"https:\/\/www.nextmobility.be\/nl\/privacy-policy\/#breadcrumb","itemListElement":[{"@type":"ListItem","position":1,"name":"Accueil","item":"https:\/\/www.nextmobility.be\/nl\/"},{"@type":"ListItem","position":2,"name":"Privacy Policy"}]},{"@type":"WebSite","@id":"https:\/\/www.nextmobility.be\/nl\/#website","url":"https:\/\/www.nextmobility.be\/nl\/","name":"Next Mobility","description":"Gestion de la Mobilit\u00e9 Durable","publisher":{"@id":"https:\/\/www.nextmobility.be\/nl\/#organization"},"potentialAction":[{"@type":"SearchAction","target":{"@type":"EntryPoint","urlTemplate":"https:\/\/www.nextmobility.be\/nl\/?s={search_term_string}"},"query-input":{"@type":"PropertyValueSpecification","valueRequired":true,"valueName":"search_term_string"}}],"inLanguage":"nl-NL"},{"@type":"Organization","@id":"https:\/\/www.nextmobility.be\/nl\/#organization","name":"Next Mobility","url":"https:\/\/www.nextmobility.be\/nl\/","logo":{"@type":"ImageObject","inLanguage":"nl-NL","@id":"https:\/\/www.nextmobility.be\/nl\/#\/schema\/logo\/image\/","url":"https:\/\/www.nextmobility.be\/wp-content\/uploads\/2025\/09\/logo-next-mobility-header.svg","contentUrl":"https:\/\/www.nextmobility.be\/wp-content\/uploads\/2025\/09\/logo-next-mobility-header.svg","caption":"Next Mobility"},"image":{"@id":"https:\/\/www.nextmobility.be\/nl\/#\/schema\/logo\/image\/"},"sameAs":["https:\/\/www.facebook.com\/nextmobility.be","https:\/\/www.linkedin.com\/company\/nextmobility\/","https:\/\/www.instagram.com\/nextmobilitybelgium\/","https:\/\/www.youtube.com\/@NextMobilityBelgique"]}]}},"_links":{"self":[{"href":"https:\/\/www.nextmobility.be\/nl\/wp-json\/wp\/v2\/pages\/2694","targetHints":{"allow":["GET"]}}],"collection":[{"href":"https:\/\/www.nextmobility.be\/nl\/wp-json\/wp\/v2\/pages"}],"about":[{"href":"https:\/\/www.nextmobility.be\/nl\/wp-json\/wp\/v2\/types\/page"}],"author":[{"embeddable":true,"href":"https:\/\/www.nextmobility.be\/nl\/wp-json\/wp\/v2\/users\/1"}],"replies":[{"embeddable":true,"href":"https:\/\/www.nextmobility.be\/nl\/wp-json\/wp\/v2\/comments?post=2694"}],"version-history":[{"count":0,"href":"https:\/\/www.nextmobility.be\/nl\/wp-json\/wp\/v2\/pages\/2694\/revisions"}],"wp:attachment":[{"href":"https:\/\/www.nextmobility.be\/nl\/wp-json\/wp\/v2\/media?parent=2694"}],"curies":[{"name":"wp","href":"https:\/\/api.w.org\/{rel}","templated":true}]}}