{"id":1507,"date":"2025-07-16T17:14:23","date_gmt":"2025-07-16T15:14:23","guid":{"rendered":"https:\/\/nextmobility.be\/a-propos\/"},"modified":"2025-09-23T13:53:49","modified_gmt":"2025-09-23T11:53:49","slug":"ons-team","status":"publish","type":"page","link":"https:\/\/www.nextmobility.be\/nl\/ons-team\/","title":{"rendered":"Ons team"},"content":{"rendered":"\t\t<div data-elementor-type=\"wp-page\" data-elementor-id=\"1507\" class=\"elementor elementor-1507 elementor-21\" data-elementor-post-type=\"page\">\n\t\t\t\t<div class=\"elementor-element elementor-element-08b0afe e-flex e-con-boxed e-con e-parent\" data-id=\"08b0afe\" data-element_type=\"container\" data-e-type=\"container\" data-settings=\"{&quot;background_background&quot;:&quot;classic&quot;}\">\n\t\t\t\t\t<div class=\"e-con-inner\">\n\t\t<div class=\"elementor-element elementor-element-45b9f92 e-con-full e-flex e-con e-child\" data-id=\"45b9f92\" data-element_type=\"container\" data-e-type=\"container\">\n\t\t<div class=\"elementor-element elementor-element-2ea8117 e-con-full e-flex e-con e-child\" data-id=\"2ea8117\" data-element_type=\"container\" data-e-type=\"container\">\n\t\t\t\t<div class=\"elementor-element elementor-element-a1d9b46 elementor-widget elementor-widget-heading\" data-id=\"a1d9b46\" data-element_type=\"widget\" data-e-type=\"widget\" data-widget_type=\"heading.default\">\n\t\t\t\t\t<p class=\"elementor-heading-title elementor-size-default\">Onze team<\/p>\t\t\t\t<\/div>\n\t\t\t\t<div class=\"elementor-element elementor-element-31a927b elementor-widget__width-initial elementor-widget elementor-widget-heading\" data-id=\"31a927b\" data-element_type=\"widget\" data-e-type=\"widget\" data-widget_type=\"heading.default\">\n\t\t\t\t\t<h1 class=\"elementor-heading-title elementor-size-default\">Uw duurzame mobiliteit, van strategie tot realisatie<\/h1>\t\t\t\t<\/div>\n\t\t\t\t<div class=\"elementor-element elementor-element-f06bd46 elementor-widget elementor-widget-text-editor\" data-id=\"f06bd46\" data-element_type=\"widget\" data-e-type=\"widget\" data-widget_type=\"text-editor.default\">\n\t\t\t\t\t\t\t\t\t<p>Als terreinexperten en toegewijde partners helpen wij bedrijven om van duurzame mobiliteit een concrete realiteit te maken. Door strategische visie te combineren met menselijke begeleiding en operationele oplossingen, gidst ons team u in elke stap: om professionele verplaatsingen te herdenken, de ecologische voetafdruk van uw organisatie te verkleinen en het welzijn van uw medewerkers te verbeteren.<\/p><p>Next Mobility is ontstaan uit de ontmoeting van onze respectieve passies \u2013 die van Nicolas Verstraete en Andr\u00e9 Simonart \u2013 voor een duurzamere, meer diverse, flexibelere en koolstofarme mobiliteit, \u00e9n uit onze wil om een meer lean, eenvoudig, concreet en effici\u00ebnt traject te volgen. Zo vernieuwt en heruitvindt Next Mobility de rol van mobiliteitsadvies.<\/p><p>Wij bouwen ons DNA op door onze klanten te begeleiden van reflectie tot actie, zodat hun ambities uitgroeien tot een succesvolle, duurzame mobiliteit.<\/p>\t\t\t\t\t\t\t\t<\/div>\n\t\t\t\t<\/div>\n\t\t<div class=\"elementor-element elementor-element-6e45585 e-con-full elementor-hidden-tablet elementor-hidden-mobile e-flex e-con e-child\" data-id=\"6e45585\" data-element_type=\"container\" data-e-type=\"container\">\n\t\t\t\t<\/div>\n\t\t\t\t<\/div>\n\t\t\t\t\t<\/div>\n\t\t\t\t<\/div>\n\t\t<div class=\"elementor-element elementor-element-4401187 e-flex e-con-boxed e-con e-parent\" data-id=\"4401187\" data-element_type=\"container\" data-e-type=\"container\" data-settings=\"{&quot;background_background&quot;:&quot;classic&quot;}\">\n\t\t\t\t\t<div class=\"e-con-inner\">\n\t\t<div class=\"elementor-element elementor-element-e3230e0 e-con-full e-flex e-con e-child\" data-id=\"e3230e0\" data-element_type=\"container\" data-e-type=\"container\">\n\t\t<div class=\"elementor-element elementor-element-5f8cbf4 e-con-full e-flex e-con e-child\" data-id=\"5f8cbf4\" data-element_type=\"container\" data-e-type=\"container\">\n\t\t\t\t<div class=\"elementor-element elementor-element-38b3b8f elementor-widget elementor-widget-image\" data-id=\"38b3b8f\" data-element_type=\"widget\" data-e-type=\"widget\" data-widget_type=\"image.default\">\n\t\t\t\t\t\t\t\t\t\t\t\t\t\t\t\t<a href=\"https:\/\/www.nextmobility.be\/andre-simonart\/\">\n\t\t\t\t\t\t\t<img fetchpriority=\"high\" decoding=\"async\" width=\"801\" height=\"800\" src=\"https:\/\/www.nextmobility.be\/wp-content\/uploads\/2025\/07\/andre.png\" class=\"attachment-full size-full wp-image-821\" alt=\"\" srcset=\"https:\/\/www.nextmobility.be\/wp-content\/uploads\/2025\/07\/andre.png 801w, https:\/\/www.nextmobility.be\/wp-content\/uploads\/2025\/07\/andre-300x300.png 300w, https:\/\/www.nextmobility.be\/wp-content\/uploads\/2025\/07\/andre-150x150.png 150w, https:\/\/www.nextmobility.be\/wp-content\/uploads\/2025\/07\/andre-768x767.png 768w\" sizes=\"(max-width: 801px) 100vw, 801px\" \/>\t\t\t\t\t\t\t\t<\/a>\n\t\t\t\t\t\t\t\t\t\t\t\t\t\t\t<\/div>\n\t\t\t\t<div class=\"elementor-element elementor-element-7edb8b1 elementor-widget elementor-widget-heading\" data-id=\"7edb8b1\" data-element_type=\"widget\" data-e-type=\"widget\" data-widget_type=\"heading.default\">\n\t\t\t\t\t<h2 class=\"elementor-heading-title elementor-size-default\">Medeoprichter<\/h2>\t\t\t\t<\/div>\n\t\t\t\t<\/div>\n\t\t\t\t<div class=\"elementor-element elementor-element-ca1e798 elementor-widget elementor-widget-heading\" data-id=\"ca1e798\" data-element_type=\"widget\" data-e-type=\"widget\" data-widget_type=\"heading.default\">\n\t\t\t\t\t<p class=\"elementor-heading-title elementor-size-default\">Andr\u00e9<\/p>\t\t\t\t<\/div>\n\t\t\t\t<div class=\"elementor-element elementor-element-e4922a9 elementor-widget elementor-widget-text-editor\" data-id=\"e4922a9\" data-element_type=\"widget\" data-e-type=\"widget\" data-widget_type=\"text-editor.default\">\n\t\t\t\t\t\t\t\t\tAndr\u00e9 begeleidt teams in hun transitie naar duurzame mobiliteit, dankzij zijn ervaring in fleet management en change management.\t\t\t\t\t\t\t\t<\/div>\n\t\t\t\t<div class=\"elementor-element elementor-element-7a2c596 elementor-widget elementor-widget-button\" data-id=\"7a2c596\" data-element_type=\"widget\" data-e-type=\"widget\" data-widget_type=\"button.default\">\n\t\t\t\t\t\t\t\t\t\t<a class=\"elementor-button elementor-button-link elementor-size-sm\" href=\"https:\/\/www.nextmobility.be\/nl\/andre-simonart\/\">\n\t\t\t\t\t\t<span class=\"elementor-button-content-wrapper\">\n\t\t\t\t\t\t<span class=\"elementor-button-icon\">\n\t\t\t\t<i aria-hidden=\"true\" class=\"icon icon-arrow-up-right2\"><\/i>\t\t\t<\/span>\n\t\t\t\t\t\t\t\t\t<span class=\"elementor-button-text\">Ontdek Andr\u00e9<\/span>\n\t\t\t\t\t<\/span>\n\t\t\t\t\t<\/a>\n\t\t\t\t\t\t\t\t<\/div>\n\t\t\t\t<\/div>\n\t\t<div class=\"elementor-element elementor-element-bcdfedd e-con-full e-flex e-con e-child\" data-id=\"bcdfedd\" data-element_type=\"container\" data-e-type=\"container\">\n\t\t<div class=\"elementor-element elementor-element-0988d38 e-con-full e-flex e-con e-child\" data-id=\"0988d38\" data-element_type=\"container\" data-e-type=\"container\">\n\t\t\t\t<div class=\"elementor-element elementor-element-3c89cc8 elementor-widget elementor-widget-image\" data-id=\"3c89cc8\" data-element_type=\"widget\" data-e-type=\"widget\" data-widget_type=\"image.default\">\n\t\t\t\t\t\t\t\t\t\t\t\t\t\t\t\t<a href=\"https:\/\/www.nextmobility.be\/benoit-loosveld\/\">\n\t\t\t\t\t\t\t<img decoding=\"async\" width=\"800\" height=\"850\" src=\"https:\/\/www.nextmobility.be\/wp-content\/uploads\/2025\/07\/ben.png\" class=\"attachment-full size-full wp-image-822\" alt=\"\" srcset=\"https:\/\/www.nextmobility.be\/wp-content\/uploads\/2025\/07\/ben.png 800w, https:\/\/www.nextmobility.be\/wp-content\/uploads\/2025\/07\/ben-282x300.png 282w, https:\/\/www.nextmobility.be\/wp-content\/uploads\/2025\/07\/ben-768x816.png 768w\" sizes=\"(max-width: 800px) 100vw, 800px\" \/>\t\t\t\t\t\t\t\t<\/a>\n\t\t\t\t\t\t\t\t\t\t\t\t\t\t\t<\/div>\n\t\t\t\t<\/div>\n\t\t\t\t<div class=\"elementor-element elementor-element-d6f047f elementor-widget elementor-widget-heading\" data-id=\"d6f047f\" data-element_type=\"widget\" data-e-type=\"widget\" data-widget_type=\"heading.default\">\n\t\t\t\t\t<h2 class=\"elementor-heading-title elementor-size-default\">Senior Consultant<\/h2>\t\t\t\t<\/div>\n\t\t\t\t<div class=\"elementor-element elementor-element-c67c151 elementor-widget elementor-widget-heading\" data-id=\"c67c151\" data-element_type=\"widget\" data-e-type=\"widget\" data-widget_type=\"heading.default\">\n\t\t\t\t\t<p class=\"elementor-heading-title elementor-size-default\">Benoit<\/p>\t\t\t\t<\/div>\n\t\t\t\t<div class=\"elementor-element elementor-element-f2efd17 elementor-widget elementor-widget-text-editor\" data-id=\"f2efd17\" data-element_type=\"widget\" data-e-type=\"widget\" data-widget_type=\"text-editor.default\">\n\t\t\t\t\t\t\t\t\tBeno\u00eet zet zijn HR- en operationele expertise in voor concrete projecten: elektrificatie van wagenparken, mobiliteitsbudgetten en duurzame infrastructuur.\t\t\t\t\t\t\t\t<\/div>\n\t\t\t\t<div class=\"elementor-element elementor-element-fb11165 elementor-widget elementor-widget-button\" data-id=\"fb11165\" data-element_type=\"widget\" data-e-type=\"widget\" data-widget_type=\"button.default\">\n\t\t\t\t\t\t\t\t\t\t<a class=\"elementor-button elementor-button-link elementor-size-sm\" href=\"https:\/\/www.nextmobility.be\/nl\/benoit-loosveld\/\">\n\t\t\t\t\t\t<span class=\"elementor-button-content-wrapper\">\n\t\t\t\t\t\t<span class=\"elementor-button-icon\">\n\t\t\t\t<i aria-hidden=\"true\" class=\"icon icon-arrow-up-right2\"><\/i>\t\t\t<\/span>\n\t\t\t\t\t\t\t\t\t<span class=\"elementor-button-text\">Ontdek Benoit<\/span>\n\t\t\t\t\t<\/span>\n\t\t\t\t\t<\/a>\n\t\t\t\t\t\t\t\t<\/div>\n\t\t\t\t<\/div>\n\t\t<div class=\"elementor-element elementor-element-a2939fe e-con-full e-flex e-con e-child\" data-id=\"a2939fe\" data-element_type=\"container\" data-e-type=\"container\">\n\t\t<div class=\"elementor-element elementor-element-384c77c e-con-full e-flex e-con e-child\" data-id=\"384c77c\" data-element_type=\"container\" data-e-type=\"container\">\n\t\t\t\t<div class=\"elementor-element elementor-element-2431cfa elementor-widget elementor-widget-image\" data-id=\"2431cfa\" data-element_type=\"widget\" data-e-type=\"widget\" data-widget_type=\"image.default\">\n\t\t\t\t\t\t\t\t\t\t\t\t\t\t\t\t<a href=\"https:\/\/www.nextmobility.be\/francois-de-troostembergh\/\">\n\t\t\t\t\t\t\t<img decoding=\"async\" width=\"849\" height=\"824\" src=\"https:\/\/www.nextmobility.be\/wp-content\/uploads\/2025\/07\/francois.png\" class=\"attachment-full size-full wp-image-823\" alt=\"\" srcset=\"https:\/\/www.nextmobility.be\/wp-content\/uploads\/2025\/07\/francois.png 849w, https:\/\/www.nextmobility.be\/wp-content\/uploads\/2025\/07\/francois-300x291.png 300w, https:\/\/www.nextmobility.be\/wp-content\/uploads\/2025\/07\/francois-768x745.png 768w\" sizes=\"(max-width: 849px) 100vw, 849px\" \/>\t\t\t\t\t\t\t\t<\/a>\n\t\t\t\t\t\t\t\t\t\t\t\t\t\t\t<\/div>\n\t\t\t\t<\/div>\n\t\t\t\t<div class=\"elementor-element elementor-element-8f16400 elementor-widget elementor-widget-heading\" data-id=\"8f16400\" data-element_type=\"widget\" data-e-type=\"widget\" data-widget_type=\"heading.default\">\n\t\t\t\t\t<h2 class=\"elementor-heading-title elementor-size-default\">Consultant<\/h2>\t\t\t\t<\/div>\n\t\t\t\t<div class=\"elementor-element elementor-element-37c646a elementor-widget elementor-widget-heading\" data-id=\"37c646a\" data-element_type=\"widget\" data-e-type=\"widget\" data-widget_type=\"heading.default\">\n\t\t\t\t\t<p class=\"elementor-heading-title elementor-size-default\">Fran\u00e7ois<\/p>\t\t\t\t<\/div>\n\t\t\t\t<div class=\"elementor-element elementor-element-a8013a3 elementor-widget elementor-widget-text-editor\" data-id=\"a8013a3\" data-element_type=\"widget\" data-e-type=\"widget\" data-widget_type=\"text-editor.default\">\n\t\t\t\t\t\t\t\t\t<p><span style=\"font-weight: 400;\">Fran\u00e7ois ondersteunt bedrijven bij de optimalisatie en transitie van hun wagenpark naar zero-emissie, met een combinatie van technische en menselijke aanpak.<\/span><\/p>\t\t\t\t\t\t\t\t<\/div>\n\t\t\t\t<div class=\"elementor-element elementor-element-7570143 elementor-widget elementor-widget-button\" data-id=\"7570143\" data-element_type=\"widget\" data-e-type=\"widget\" data-widget_type=\"button.default\">\n\t\t\t\t\t\t\t\t\t\t<a class=\"elementor-button elementor-button-link elementor-size-sm\" href=\"https:\/\/www.nextmobility.be\/nl\/francois-de-troostembergh\/\">\n\t\t\t\t\t\t<span class=\"elementor-button-content-wrapper\">\n\t\t\t\t\t\t<span class=\"elementor-button-icon\">\n\t\t\t\t<i aria-hidden=\"true\" class=\"icon icon-arrow-up-right2\"><\/i>\t\t\t<\/span>\n\t\t\t\t\t\t\t\t\t<span class=\"elementor-button-text\">Ontdek Fran\u00e7ois<\/span>\n\t\t\t\t\t<\/span>\n\t\t\t\t\t<\/a>\n\t\t\t\t\t\t\t\t<\/div>\n\t\t\t\t<\/div>\n\t\t<div class=\"elementor-element elementor-element-2baaab1 e-con-full e-flex e-con e-child\" data-id=\"2baaab1\" data-element_type=\"container\" data-e-type=\"container\">\n\t\t<div class=\"elementor-element elementor-element-9fbd695 e-con-full e-flex e-con e-child\" data-id=\"9fbd695\" data-element_type=\"container\" data-e-type=\"container\">\n\t\t\t\t<div class=\"elementor-element elementor-element-271b23b elementor-widget elementor-widget-image\" data-id=\"271b23b\" data-element_type=\"widget\" data-e-type=\"widget\" data-widget_type=\"image.default\">\n\t\t\t\t\t\t\t\t\t\t\t\t\t\t\t\t<a href=\"https:\/\/www.nextmobility.be\/nicolas-verstraete\/\">\n\t\t\t\t\t\t\t<img loading=\"lazy\" decoding=\"async\" width=\"800\" height=\"844\" src=\"https:\/\/www.nextmobility.be\/wp-content\/uploads\/2025\/07\/nicolas.png\" class=\"attachment-full size-full wp-image-824\" alt=\"\" srcset=\"https:\/\/www.nextmobility.be\/wp-content\/uploads\/2025\/07\/nicolas.png 800w, https:\/\/www.nextmobility.be\/wp-content\/uploads\/2025\/07\/nicolas-284x300.png 284w, https:\/\/www.nextmobility.be\/wp-content\/uploads\/2025\/07\/nicolas-768x810.png 768w\" sizes=\"(max-width: 800px) 100vw, 800px\" \/>\t\t\t\t\t\t\t\t<\/a>\n\t\t\t\t\t\t\t\t\t\t\t\t\t\t\t<\/div>\n\t\t\t\t<\/div>\n\t\t\t\t<div class=\"elementor-element elementor-element-bb3d7da elementor-widget elementor-widget-heading\" data-id=\"bb3d7da\" data-element_type=\"widget\" data-e-type=\"widget\" data-widget_type=\"heading.default\">\n\t\t\t\t\t<h2 class=\"elementor-heading-title elementor-size-default\">Medeoprichter<\/h2>\t\t\t\t<\/div>\n\t\t\t\t<div class=\"elementor-element elementor-element-b4d52b8 elementor-widget elementor-widget-heading\" data-id=\"b4d52b8\" data-element_type=\"widget\" data-e-type=\"widget\" data-widget_type=\"heading.default\">\n\t\t\t\t\t<p class=\"elementor-heading-title elementor-size-default\">Nicolas<\/p>\t\t\t\t<\/div>\n\t\t\t\t<div class=\"elementor-element elementor-element-ca59be8 elementor-widget elementor-widget-text-editor\" data-id=\"ca59be8\" data-element_type=\"widget\" data-e-type=\"widget\" data-widget_type=\"text-editor.default\">\n\t\t\t\t\t\t\t\t\t<p><span style=\"font-weight: 400;\">Nicolas begeleidt bedrijven en instellingen in duurzame mobiliteit, door innovatie, data en concrete oplossingen af te stemmen op de noden van de teams.<\/span><\/p>\t\t\t\t\t\t\t\t<\/div>\n\t\t\t\t<div class=\"elementor-element elementor-element-491b2af elementor-widget elementor-widget-button\" data-id=\"491b2af\" data-element_type=\"widget\" data-e-type=\"widget\" data-widget_type=\"button.default\">\n\t\t\t\t\t\t\t\t\t\t<a class=\"elementor-button elementor-button-link elementor-size-sm\" href=\"https:\/\/www.nextmobility.be\/nl\/nicolas-verstraete\/\">\n\t\t\t\t\t\t<span class=\"elementor-button-content-wrapper\">\n\t\t\t\t\t\t<span class=\"elementor-button-icon\">\n\t\t\t\t<i aria-hidden=\"true\" class=\"icon icon-arrow-up-right2\"><\/i>\t\t\t<\/span>\n\t\t\t\t\t\t\t\t\t<span class=\"elementor-button-text\">Ontdek Nicolas<\/span>\n\t\t\t\t\t<\/span>\n\t\t\t\t\t<\/a>\n\t\t\t\t\t\t\t\t<\/div>\n\t\t\t\t<\/div>\n\t\t\t\t\t<\/div>\n\t\t\t\t<\/div>\n\t\t\t\t<\/div>\n\t\t","protected":false},"excerpt":{"rendered":"<p>Onze team Uw duurzame mobiliteit, van strategie tot realisatie Als terreinexperten en toegewijde partners helpen wij bedrijven om van duurzame mobiliteit een concrete realiteit te maken. Door strategische visie te combineren met menselijke begeleiding en operationele oplossingen, gidst ons team u in elke stap: om professionele verplaatsingen te herdenken, de ecologische voetafdruk van uw organisatie [&hellip;]<\/p>\n","protected":false},"author":1,"featured_media":0,"parent":0,"menu_order":0,"comment_status":"closed","ping_status":"closed","template":"","meta":{"_acf_changed":false,"footnotes":""},"class_list":["post-1507","page","type-page","status-publish","hentry"],"acf":[],"yoast_head":"<!-- This site is optimized with the Yoast SEO plugin v27.0 - https:\/\/yoast.com\/product\/yoast-seo-wordpress\/ -->\n<title>Het team van Next Mobility \u2013 experts in duurzame mobiliteit &amp; begeleiding<\/title>\n<meta name=\"description\" content=\"Maak kennis met de medeoprichters en consultants van Next Mobility: Andr\u00e9 Simonart, Nicolas Verstraete, Beno\u00eet Loosveld, Fran\u00e7ois de Troostembergh. Ervaring, passie en pragmatisme om u te begeleiden naar operationele duurzame mobiliteit.\" \/>\n<meta name=\"robots\" content=\"index, follow, max-snippet:-1, max-image-preview:large, max-video-preview:-1\" \/>\n<link rel=\"canonical\" href=\"https:\/\/www.nextmobility.be\/nl\/ons-team\/\" \/>\n<meta property=\"og:locale\" content=\"nl_NL\" \/>\n<meta property=\"og:type\" content=\"article\" \/>\n<meta property=\"og:title\" content=\"Het team van Next Mobility \u2013 experts in duurzame mobiliteit &amp; begeleiding\" \/>\n<meta property=\"og:description\" content=\"Maak kennis met de medeoprichters en consultants van Next Mobility: Andr\u00e9 Simonart, Nicolas Verstraete, Beno\u00eet Loosveld, Fran\u00e7ois de Troostembergh. Ervaring, passie en pragmatisme om u te begeleiden naar operationele duurzame mobiliteit.\" \/>\n<meta property=\"og:url\" content=\"https:\/\/www.nextmobility.be\/nl\/ons-team\/\" \/>\n<meta property=\"og:site_name\" content=\"Next Mobility\" \/>\n<meta property=\"article:publisher\" content=\"https:\/\/www.facebook.com\/nextmobility.be\" \/>\n<meta property=\"article:modified_time\" content=\"2025-09-23T11:53:49+00:00\" \/>\n<meta property=\"og:image\" content=\"https:\/\/nextmobility.be\/wp-content\/uploads\/2025\/07\/andre.png\" \/>\n<meta name=\"twitter:card\" content=\"summary_large_image\" \/>\n<meta name=\"twitter:label1\" content=\"Geschatte leestijd\" \/>\n\t<meta name=\"twitter:data1\" content=\"3 minuten\" \/>\n<script type=\"application\/ld+json\" class=\"yoast-schema-graph\">{\"@context\":\"https:\/\/schema.org\",\"@graph\":[{\"@type\":\"WebPage\",\"@id\":\"https:\/\/www.nextmobility.be\/nl\/ons-team\/\",\"url\":\"https:\/\/www.nextmobility.be\/nl\/ons-team\/\",\"name\":\"Het team van Next Mobility \u2013 experts in duurzame mobiliteit & begeleiding\",\"isPartOf\":{\"@id\":\"https:\/\/www.nextmobility.be\/nl\/#website\"},\"primaryImageOfPage\":{\"@id\":\"https:\/\/www.nextmobility.be\/nl\/ons-team\/#primaryimage\"},\"image\":{\"@id\":\"https:\/\/www.nextmobility.be\/nl\/ons-team\/#primaryimage\"},\"thumbnailUrl\":\"https:\/\/nextmobility.be\/wp-content\/uploads\/2025\/07\/andre.png\",\"datePublished\":\"2025-07-16T15:14:23+00:00\",\"dateModified\":\"2025-09-23T11:53:49+00:00\",\"description\":\"Maak kennis met de medeoprichters en consultants van Next Mobility: Andr\u00e9 Simonart, Nicolas Verstraete, Beno\u00eet Loosveld, Fran\u00e7ois de Troostembergh. Ervaring, passie en pragmatisme om u te begeleiden naar operationele duurzame mobiliteit.\",\"breadcrumb\":{\"@id\":\"https:\/\/www.nextmobility.be\/nl\/ons-team\/#breadcrumb\"},\"inLanguage\":\"nl-NL\",\"potentialAction\":[{\"@type\":\"ReadAction\",\"target\":[\"https:\/\/www.nextmobility.be\/nl\/ons-team\/\"]}]},{\"@type\":\"ImageObject\",\"inLanguage\":\"nl-NL\",\"@id\":\"https:\/\/www.nextmobility.be\/nl\/ons-team\/#primaryimage\",\"url\":\"https:\/\/nextmobility.be\/wp-content\/uploads\/2025\/07\/andre.png\",\"contentUrl\":\"https:\/\/nextmobility.be\/wp-content\/uploads\/2025\/07\/andre.png\"},{\"@type\":\"BreadcrumbList\",\"@id\":\"https:\/\/www.nextmobility.be\/nl\/ons-team\/#breadcrumb\",\"itemListElement\":[{\"@type\":\"ListItem\",\"position\":1,\"name\":\"Accueil\",\"item\":\"https:\/\/www.nextmobility.be\/nl\/\"},{\"@type\":\"ListItem\",\"position\":2,\"name\":\"Ons team\"}]},{\"@type\":\"WebSite\",\"@id\":\"https:\/\/www.nextmobility.be\/nl\/#website\",\"url\":\"https:\/\/www.nextmobility.be\/nl\/\",\"name\":\"Next Mobility\",\"description\":\"Gestion de la Mobilit\u00e9 Durable\",\"publisher\":{\"@id\":\"https:\/\/www.nextmobility.be\/nl\/#organization\"},\"potentialAction\":[{\"@type\":\"SearchAction\",\"target\":{\"@type\":\"EntryPoint\",\"urlTemplate\":\"https:\/\/www.nextmobility.be\/nl\/?s={search_term_string}\"},\"query-input\":{\"@type\":\"PropertyValueSpecification\",\"valueRequired\":true,\"valueName\":\"search_term_string\"}}],\"inLanguage\":\"nl-NL\"},{\"@type\":\"Organization\",\"@id\":\"https:\/\/www.nextmobility.be\/nl\/#organization\",\"name\":\"Next Mobility\",\"url\":\"https:\/\/www.nextmobility.be\/nl\/\",\"logo\":{\"@type\":\"ImageObject\",\"inLanguage\":\"nl-NL\",\"@id\":\"https:\/\/www.nextmobility.be\/nl\/#\/schema\/logo\/image\/\",\"url\":\"https:\/\/www.nextmobility.be\/wp-content\/uploads\/2025\/09\/logo-next-mobility-header.svg\",\"contentUrl\":\"https:\/\/www.nextmobility.be\/wp-content\/uploads\/2025\/09\/logo-next-mobility-header.svg\",\"caption\":\"Next Mobility\"},\"image\":{\"@id\":\"https:\/\/www.nextmobility.be\/nl\/#\/schema\/logo\/image\/\"},\"sameAs\":[\"https:\/\/www.facebook.com\/nextmobility.be\",\"https:\/\/www.linkedin.com\/company\/nextmobility\/\",\"https:\/\/www.instagram.com\/nextmobilitybelgium\/\",\"https:\/\/www.youtube.com\/@NextMobilityBelgique\"]}]}<\/script>\n<!-- \/ Yoast SEO plugin. -->","yoast_head_json":{"title":"Het team van Next Mobility \u2013 experts in duurzame mobiliteit & begeleiding","description":"Maak kennis met de medeoprichters en consultants van Next Mobility: Andr\u00e9 Simonart, Nicolas Verstraete, Beno\u00eet Loosveld, Fran\u00e7ois de Troostembergh. Ervaring, passie en pragmatisme om u te begeleiden naar operationele duurzame mobiliteit.","robots":{"index":"index","follow":"follow","max-snippet":"max-snippet:-1","max-image-preview":"max-image-preview:large","max-video-preview":"max-video-preview:-1"},"canonical":"https:\/\/www.nextmobility.be\/nl\/ons-team\/","og_locale":"nl_NL","og_type":"article","og_title":"Het team van Next Mobility \u2013 experts in duurzame mobiliteit & begeleiding","og_description":"Maak kennis met de medeoprichters en consultants van Next Mobility: Andr\u00e9 Simonart, Nicolas Verstraete, Beno\u00eet Loosveld, Fran\u00e7ois de Troostembergh. Ervaring, passie en pragmatisme om u te begeleiden naar operationele duurzame mobiliteit.","og_url":"https:\/\/www.nextmobility.be\/nl\/ons-team\/","og_site_name":"Next Mobility","article_publisher":"https:\/\/www.facebook.com\/nextmobility.be","article_modified_time":"2025-09-23T11:53:49+00:00","og_image":[{"url":"https:\/\/nextmobility.be\/wp-content\/uploads\/2025\/07\/andre.png","type":"","width":"","height":""}],"twitter_card":"summary_large_image","twitter_misc":{"Geschatte leestijd":"3 minuten"},"schema":{"@context":"https:\/\/schema.org","@graph":[{"@type":"WebPage","@id":"https:\/\/www.nextmobility.be\/nl\/ons-team\/","url":"https:\/\/www.nextmobility.be\/nl\/ons-team\/","name":"Het team van Next Mobility \u2013 experts in duurzame mobiliteit & begeleiding","isPartOf":{"@id":"https:\/\/www.nextmobility.be\/nl\/#website"},"primaryImageOfPage":{"@id":"https:\/\/www.nextmobility.be\/nl\/ons-team\/#primaryimage"},"image":{"@id":"https:\/\/www.nextmobility.be\/nl\/ons-team\/#primaryimage"},"thumbnailUrl":"https:\/\/nextmobility.be\/wp-content\/uploads\/2025\/07\/andre.png","datePublished":"2025-07-16T15:14:23+00:00","dateModified":"2025-09-23T11:53:49+00:00","description":"Maak kennis met de medeoprichters en consultants van Next Mobility: Andr\u00e9 Simonart, Nicolas Verstraete, Beno\u00eet Loosveld, Fran\u00e7ois de Troostembergh. Ervaring, passie en pragmatisme om u te begeleiden naar operationele duurzame mobiliteit.","breadcrumb":{"@id":"https:\/\/www.nextmobility.be\/nl\/ons-team\/#breadcrumb"},"inLanguage":"nl-NL","potentialAction":[{"@type":"ReadAction","target":["https:\/\/www.nextmobility.be\/nl\/ons-team\/"]}]},{"@type":"ImageObject","inLanguage":"nl-NL","@id":"https:\/\/www.nextmobility.be\/nl\/ons-team\/#primaryimage","url":"https:\/\/nextmobility.be\/wp-content\/uploads\/2025\/07\/andre.png","contentUrl":"https:\/\/nextmobility.be\/wp-content\/uploads\/2025\/07\/andre.png"},{"@type":"BreadcrumbList","@id":"https:\/\/www.nextmobility.be\/nl\/ons-team\/#breadcrumb","itemListElement":[{"@type":"ListItem","position":1,"name":"Accueil","item":"https:\/\/www.nextmobility.be\/nl\/"},{"@type":"ListItem","position":2,"name":"Ons team"}]},{"@type":"WebSite","@id":"https:\/\/www.nextmobility.be\/nl\/#website","url":"https:\/\/www.nextmobility.be\/nl\/","name":"Next Mobility","description":"Gestion de la Mobilit\u00e9 Durable","publisher":{"@id":"https:\/\/www.nextmobility.be\/nl\/#organization"},"potentialAction":[{"@type":"SearchAction","target":{"@type":"EntryPoint","urlTemplate":"https:\/\/www.nextmobility.be\/nl\/?s={search_term_string}"},"query-input":{"@type":"PropertyValueSpecification","valueRequired":true,"valueName":"search_term_string"}}],"inLanguage":"nl-NL"},{"@type":"Organization","@id":"https:\/\/www.nextmobility.be\/nl\/#organization","name":"Next Mobility","url":"https:\/\/www.nextmobility.be\/nl\/","logo":{"@type":"ImageObject","inLanguage":"nl-NL","@id":"https:\/\/www.nextmobility.be\/nl\/#\/schema\/logo\/image\/","url":"https:\/\/www.nextmobility.be\/wp-content\/uploads\/2025\/09\/logo-next-mobility-header.svg","contentUrl":"https:\/\/www.nextmobility.be\/wp-content\/uploads\/2025\/09\/logo-next-mobility-header.svg","caption":"Next Mobility"},"image":{"@id":"https:\/\/www.nextmobility.be\/nl\/#\/schema\/logo\/image\/"},"sameAs":["https:\/\/www.facebook.com\/nextmobility.be","https:\/\/www.linkedin.com\/company\/nextmobility\/","https:\/\/www.instagram.com\/nextmobilitybelgium\/","https:\/\/www.youtube.com\/@NextMobilityBelgique"]}]}},"_links":{"self":[{"href":"https:\/\/www.nextmobility.be\/nl\/wp-json\/wp\/v2\/pages\/1507","targetHints":{"allow":["GET"]}}],"collection":[{"href":"https:\/\/www.nextmobility.be\/nl\/wp-json\/wp\/v2\/pages"}],"about":[{"href":"https:\/\/www.nextmobility.be\/nl\/wp-json\/wp\/v2\/types\/page"}],"author":[{"embeddable":true,"href":"https:\/\/www.nextmobility.be\/nl\/wp-json\/wp\/v2\/users\/1"}],"replies":[{"embeddable":true,"href":"https:\/\/www.nextmobility.be\/nl\/wp-json\/wp\/v2\/comments?post=1507"}],"version-history":[{"count":0,"href":"https:\/\/www.nextmobility.be\/nl\/wp-json\/wp\/v2\/pages\/1507\/revisions"}],"wp:attachment":[{"href":"https:\/\/www.nextmobility.be\/nl\/wp-json\/wp\/v2\/media?parent=1507"}],"curies":[{"name":"wp","href":"https:\/\/api.w.org\/{rel}","templated":true}]}}