{"id":1519,"date":"2025-09-08T17:31:34","date_gmt":"2025-09-08T15:31:34","guid":{"rendered":"https:\/\/nextmobility.be\/francois-de-troostembergh\/"},"modified":"2025-09-18T12:59:30","modified_gmt":"2025-09-18T10:59:30","slug":"francois-de-troostembergh","status":"publish","type":"page","link":"https:\/\/www.nextmobility.be\/en\/francois-de-troostembergh\/","title":{"rendered":"Fran\u00e7ois DE TROOSTEMBERGH"},"content":{"rendered":"\t\t<div data-elementor-type=\"wp-page\" data-elementor-id=\"1519\" class=\"elementor elementor-1519 elementor-1339\" data-elementor-post-type=\"page\">\n\t\t\t\t<div class=\"elementor-element elementor-element-36a03f4 e-flex e-con-boxed e-con e-parent\" data-id=\"36a03f4\" data-element_type=\"container\" data-e-type=\"container\" data-settings=\"{&quot;background_background&quot;:&quot;classic&quot;}\">\n\t\t\t\t\t<div class=\"e-con-inner\">\n\t\t<div class=\"elementor-element elementor-element-d024040 e-con-full e-flex e-con e-child\" data-id=\"d024040\" data-element_type=\"container\" data-e-type=\"container\">\n\t\t\t\t<div class=\"elementor-element elementor-element-71478af elementor-widget elementor-widget-heading\" data-id=\"71478af\" data-element_type=\"widget\" data-e-type=\"widget\" data-widget_type=\"heading.default\">\n\t\t\t\t\t<h2 class=\"elementor-heading-title elementor-size-default\">Consultant<\/h2>\t\t\t\t<\/div>\n\t\t\t\t<div class=\"elementor-element elementor-element-1fbab4a elementor-widget elementor-widget-heading\" data-id=\"1fbab4a\" data-element_type=\"widget\" data-e-type=\"widget\" data-widget_type=\"heading.default\">\n\t\t\t\t\t<h2 class=\"elementor-heading-title elementor-size-default\">Fran\u00e7ois <b>DE TROOSTEMBERGH<\/b><\/h2>\t\t\t\t<\/div>\n\t\t\t\t<div class=\"elementor-element elementor-element-4684cde elementor-widget elementor-widget-text-editor\" data-id=\"4684cde\" data-element_type=\"widget\" data-e-type=\"widget\" data-widget_type=\"text-editor.default\">\n\t\t\t\t\t\t\t\t\t<strong>Fran\u00e7ois de Troostembergh<\/strong> is an experienced consultant in fleet management and sustainable mobility. With a career in leading automotive companies, he has developed deep expertise in fleet optimization, energy transition, and operational mobility management. At Next Mobility, Fran\u00e7ois works closely with organizations to design and implement practical, human-centered mobility solutions. His strength lies in combining technical know-how with personalized support, ensuring that each project is both effective and aligned with the company\u2019s specific needs.\t\t\t\t\t\t\t\t<\/div>\n\t\t\t\t<\/div>\n\t\t<div class=\"elementor-element elementor-element-d0a24c7 e-con-full e-flex e-con e-child\" data-id=\"d0a24c7\" data-element_type=\"container\" data-e-type=\"container\">\n\t\t\t\t<div class=\"elementor-element elementor-element-6c9a54e elementor-widget elementor-widget-image\" data-id=\"6c9a54e\" data-element_type=\"widget\" data-e-type=\"widget\" data-widget_type=\"image.default\">\n\t\t\t\t\t\t\t\t\t\t\t\t\t\t\t<img fetchpriority=\"high\" decoding=\"async\" width=\"849\" height=\"824\" src=\"https:\/\/www.nextmobility.be\/wp-content\/uploads\/2025\/07\/francois.png\" class=\"attachment-full size-full wp-image-905\" alt=\"\" srcset=\"https:\/\/www.nextmobility.be\/wp-content\/uploads\/2025\/07\/francois.png 849w, https:\/\/www.nextmobility.be\/wp-content\/uploads\/2025\/07\/francois-300x291.png 300w, https:\/\/www.nextmobility.be\/wp-content\/uploads\/2025\/07\/francois-768x745.png 768w\" sizes=\"(max-width: 849px) 100vw, 849px\" \/>\t\t\t\t\t\t\t\t\t\t\t\t\t\t\t<\/div>\n\t\t\t\t<\/div>\n\t\t\t\t\t<\/div>\n\t\t\t\t<\/div>\n\t\t\t\t<\/div>\n\t\t","protected":false},"excerpt":{"rendered":"<p>Consultant Fran\u00e7ois DE TROOSTEMBERGH Fran\u00e7ois de Troostembergh is an experienced consultant in fleet management and sustainable mobility. With a career in leading automotive companies, he has developed deep expertise in fleet optimization, energy transition, and operational mobility management. At Next Mobility, Fran\u00e7ois works closely with organizations to design and implement practical, human-centered mobility solutions. His [&hellip;]<\/p>\n","protected":false},"author":1,"featured_media":905,"parent":0,"menu_order":0,"comment_status":"closed","ping_status":"closed","template":"","meta":{"_acf_changed":false,"footnotes":""},"class_list":["post-1519","page","type-page","status-publish","has-post-thumbnail","hentry"],"acf":[],"yoast_head":"<!-- This site is optimized with the Yoast SEO plugin v27.0 - https:\/\/yoast.com\/product\/yoast-seo-wordpress\/ -->\n<title>Fran\u00e7ois DE TROOSTEMBERGH - Next Mobility<\/title>\n<meta name=\"robots\" content=\"index, follow, max-snippet:-1, max-image-preview:large, max-video-preview:-1\" \/>\n<link rel=\"canonical\" href=\"https:\/\/www.nextmobility.be\/en\/francois-de-troostembergh\/\" \/>\n<meta property=\"og:locale\" content=\"en_US\" \/>\n<meta property=\"og:type\" content=\"article\" \/>\n<meta property=\"og:title\" content=\"Fran\u00e7ois DE TROOSTEMBERGH - Next Mobility\" \/>\n<meta property=\"og:description\" content=\"Consultant Fran\u00e7ois DE TROOSTEMBERGH Fran\u00e7ois de Troostembergh is an experienced consultant in fleet management and sustainable mobility. With a career in leading automotive companies, he has developed deep expertise in fleet optimization, energy transition, and operational mobility management. At Next Mobility, Fran\u00e7ois works closely with organizations to design and implement practical, human-centered mobility solutions. His [&hellip;]\" \/>\n<meta property=\"og:url\" content=\"https:\/\/www.nextmobility.be\/en\/francois-de-troostembergh\/\" \/>\n<meta property=\"og:site_name\" content=\"Next Mobility\" \/>\n<meta property=\"article:publisher\" content=\"https:\/\/www.facebook.com\/nextmobility.be\" \/>\n<meta property=\"article:modified_time\" content=\"2025-09-18T10:59:30+00:00\" \/>\n<meta property=\"og:image\" content=\"https:\/\/www.nextmobility.be\/wp-content\/uploads\/2025\/07\/francois.png\" \/>\n\t<meta property=\"og:image:width\" content=\"849\" \/>\n\t<meta property=\"og:image:height\" content=\"824\" \/>\n\t<meta property=\"og:image:type\" content=\"image\/png\" \/>\n<meta name=\"twitter:card\" content=\"summary_large_image\" \/>\n<meta name=\"twitter:label1\" content=\"Est. reading time\" \/>\n\t<meta name=\"twitter:data1\" content=\"1 minute\" \/>\n<script type=\"application\/ld+json\" class=\"yoast-schema-graph\">{\"@context\":\"https:\/\/schema.org\",\"@graph\":[{\"@type\":\"WebPage\",\"@id\":\"https:\/\/www.nextmobility.be\/en\/francois-de-troostembergh\/\",\"url\":\"https:\/\/www.nextmobility.be\/en\/francois-de-troostembergh\/\",\"name\":\"Fran\u00e7ois DE TROOSTEMBERGH - Next Mobility\",\"isPartOf\":{\"@id\":\"https:\/\/www.nextmobility.be\/en\/#website\"},\"primaryImageOfPage\":{\"@id\":\"https:\/\/www.nextmobility.be\/en\/francois-de-troostembergh\/#primaryimage\"},\"image\":{\"@id\":\"https:\/\/www.nextmobility.be\/en\/francois-de-troostembergh\/#primaryimage\"},\"thumbnailUrl\":\"https:\/\/www.nextmobility.be\/wp-content\/uploads\/2025\/07\/francois.png\",\"datePublished\":\"2025-09-08T15:31:34+00:00\",\"dateModified\":\"2025-09-18T10:59:30+00:00\",\"breadcrumb\":{\"@id\":\"https:\/\/www.nextmobility.be\/en\/francois-de-troostembergh\/#breadcrumb\"},\"inLanguage\":\"en-US\",\"potentialAction\":[{\"@type\":\"ReadAction\",\"target\":[\"https:\/\/www.nextmobility.be\/en\/francois-de-troostembergh\/\"]}]},{\"@type\":\"ImageObject\",\"inLanguage\":\"en-US\",\"@id\":\"https:\/\/www.nextmobility.be\/en\/francois-de-troostembergh\/#primaryimage\",\"url\":\"https:\/\/www.nextmobility.be\/wp-content\/uploads\/2025\/07\/francois.png\",\"contentUrl\":\"https:\/\/www.nextmobility.be\/wp-content\/uploads\/2025\/07\/francois.png\",\"width\":849,\"height\":824},{\"@type\":\"BreadcrumbList\",\"@id\":\"https:\/\/www.nextmobility.be\/en\/francois-de-troostembergh\/#breadcrumb\",\"itemListElement\":[{\"@type\":\"ListItem\",\"position\":1,\"name\":\"Accueil\",\"item\":\"https:\/\/www.nextmobility.be\/en\/\"},{\"@type\":\"ListItem\",\"position\":2,\"name\":\"Fran\u00e7ois DE TROOSTEMBERGH\"}]},{\"@type\":\"WebSite\",\"@id\":\"https:\/\/www.nextmobility.be\/en\/#website\",\"url\":\"https:\/\/www.nextmobility.be\/en\/\",\"name\":\"Next Mobility\",\"description\":\"Gestion de la Mobilit\u00e9 Durable\",\"publisher\":{\"@id\":\"https:\/\/www.nextmobility.be\/en\/#organization\"},\"potentialAction\":[{\"@type\":\"SearchAction\",\"target\":{\"@type\":\"EntryPoint\",\"urlTemplate\":\"https:\/\/www.nextmobility.be\/en\/?s={search_term_string}\"},\"query-input\":{\"@type\":\"PropertyValueSpecification\",\"valueRequired\":true,\"valueName\":\"search_term_string\"}}],\"inLanguage\":\"en-US\"},{\"@type\":\"Organization\",\"@id\":\"https:\/\/www.nextmobility.be\/en\/#organization\",\"name\":\"Next Mobility\",\"url\":\"https:\/\/www.nextmobility.be\/en\/\",\"logo\":{\"@type\":\"ImageObject\",\"inLanguage\":\"en-US\",\"@id\":\"https:\/\/www.nextmobility.be\/en\/#\/schema\/logo\/image\/\",\"url\":\"https:\/\/www.nextmobility.be\/wp-content\/uploads\/2025\/09\/logo-next-mobility-header.svg\",\"contentUrl\":\"https:\/\/www.nextmobility.be\/wp-content\/uploads\/2025\/09\/logo-next-mobility-header.svg\",\"caption\":\"Next Mobility\"},\"image\":{\"@id\":\"https:\/\/www.nextmobility.be\/en\/#\/schema\/logo\/image\/\"},\"sameAs\":[\"https:\/\/www.facebook.com\/nextmobility.be\",\"https:\/\/www.linkedin.com\/company\/nextmobility\/\",\"https:\/\/www.instagram.com\/nextmobilitybelgium\/\",\"https:\/\/www.youtube.com\/@NextMobilityBelgique\"]}]}<\/script>\n<!-- \/ Yoast SEO plugin. -->","yoast_head_json":{"title":"Fran\u00e7ois DE TROOSTEMBERGH - Next Mobility","robots":{"index":"index","follow":"follow","max-snippet":"max-snippet:-1","max-image-preview":"max-image-preview:large","max-video-preview":"max-video-preview:-1"},"canonical":"https:\/\/www.nextmobility.be\/en\/francois-de-troostembergh\/","og_locale":"en_US","og_type":"article","og_title":"Fran\u00e7ois DE TROOSTEMBERGH - Next Mobility","og_description":"Consultant Fran\u00e7ois DE TROOSTEMBERGH Fran\u00e7ois de Troostembergh is an experienced consultant in fleet management and sustainable mobility. With a career in leading automotive companies, he has developed deep expertise in fleet optimization, energy transition, and operational mobility management. At Next Mobility, Fran\u00e7ois works closely with organizations to design and implement practical, human-centered mobility solutions. His [&hellip;]","og_url":"https:\/\/www.nextmobility.be\/en\/francois-de-troostembergh\/","og_site_name":"Next Mobility","article_publisher":"https:\/\/www.facebook.com\/nextmobility.be","article_modified_time":"2025-09-18T10:59:30+00:00","og_image":[{"width":849,"height":824,"url":"https:\/\/www.nextmobility.be\/wp-content\/uploads\/2025\/07\/francois.png","type":"image\/png"}],"twitter_card":"summary_large_image","twitter_misc":{"Est. reading time":"1 minute"},"schema":{"@context":"https:\/\/schema.org","@graph":[{"@type":"WebPage","@id":"https:\/\/www.nextmobility.be\/en\/francois-de-troostembergh\/","url":"https:\/\/www.nextmobility.be\/en\/francois-de-troostembergh\/","name":"Fran\u00e7ois DE TROOSTEMBERGH - Next Mobility","isPartOf":{"@id":"https:\/\/www.nextmobility.be\/en\/#website"},"primaryImageOfPage":{"@id":"https:\/\/www.nextmobility.be\/en\/francois-de-troostembergh\/#primaryimage"},"image":{"@id":"https:\/\/www.nextmobility.be\/en\/francois-de-troostembergh\/#primaryimage"},"thumbnailUrl":"https:\/\/www.nextmobility.be\/wp-content\/uploads\/2025\/07\/francois.png","datePublished":"2025-09-08T15:31:34+00:00","dateModified":"2025-09-18T10:59:30+00:00","breadcrumb":{"@id":"https:\/\/www.nextmobility.be\/en\/francois-de-troostembergh\/#breadcrumb"},"inLanguage":"en-US","potentialAction":[{"@type":"ReadAction","target":["https:\/\/www.nextmobility.be\/en\/francois-de-troostembergh\/"]}]},{"@type":"ImageObject","inLanguage":"en-US","@id":"https:\/\/www.nextmobility.be\/en\/francois-de-troostembergh\/#primaryimage","url":"https:\/\/www.nextmobility.be\/wp-content\/uploads\/2025\/07\/francois.png","contentUrl":"https:\/\/www.nextmobility.be\/wp-content\/uploads\/2025\/07\/francois.png","width":849,"height":824},{"@type":"BreadcrumbList","@id":"https:\/\/www.nextmobility.be\/en\/francois-de-troostembergh\/#breadcrumb","itemListElement":[{"@type":"ListItem","position":1,"name":"Accueil","item":"https:\/\/www.nextmobility.be\/en\/"},{"@type":"ListItem","position":2,"name":"Fran\u00e7ois DE TROOSTEMBERGH"}]},{"@type":"WebSite","@id":"https:\/\/www.nextmobility.be\/en\/#website","url":"https:\/\/www.nextmobility.be\/en\/","name":"Next Mobility","description":"Gestion de la Mobilit\u00e9 Durable","publisher":{"@id":"https:\/\/www.nextmobility.be\/en\/#organization"},"potentialAction":[{"@type":"SearchAction","target":{"@type":"EntryPoint","urlTemplate":"https:\/\/www.nextmobility.be\/en\/?s={search_term_string}"},"query-input":{"@type":"PropertyValueSpecification","valueRequired":true,"valueName":"search_term_string"}}],"inLanguage":"en-US"},{"@type":"Organization","@id":"https:\/\/www.nextmobility.be\/en\/#organization","name":"Next Mobility","url":"https:\/\/www.nextmobility.be\/en\/","logo":{"@type":"ImageObject","inLanguage":"en-US","@id":"https:\/\/www.nextmobility.be\/en\/#\/schema\/logo\/image\/","url":"https:\/\/www.nextmobility.be\/wp-content\/uploads\/2025\/09\/logo-next-mobility-header.svg","contentUrl":"https:\/\/www.nextmobility.be\/wp-content\/uploads\/2025\/09\/logo-next-mobility-header.svg","caption":"Next Mobility"},"image":{"@id":"https:\/\/www.nextmobility.be\/en\/#\/schema\/logo\/image\/"},"sameAs":["https:\/\/www.facebook.com\/nextmobility.be","https:\/\/www.linkedin.com\/company\/nextmobility\/","https:\/\/www.instagram.com\/nextmobilitybelgium\/","https:\/\/www.youtube.com\/@NextMobilityBelgique"]}]}},"_links":{"self":[{"href":"https:\/\/www.nextmobility.be\/en\/wp-json\/wp\/v2\/pages\/1519","targetHints":{"allow":["GET"]}}],"collection":[{"href":"https:\/\/www.nextmobility.be\/en\/wp-json\/wp\/v2\/pages"}],"about":[{"href":"https:\/\/www.nextmobility.be\/en\/wp-json\/wp\/v2\/types\/page"}],"author":[{"embeddable":true,"href":"https:\/\/www.nextmobility.be\/en\/wp-json\/wp\/v2\/users\/1"}],"replies":[{"embeddable":true,"href":"https:\/\/www.nextmobility.be\/en\/wp-json\/wp\/v2\/comments?post=1519"}],"version-history":[{"count":0,"href":"https:\/\/www.nextmobility.be\/en\/wp-json\/wp\/v2\/pages\/1519\/revisions"}],"wp:featuredmedia":[{"embeddable":true,"href":"https:\/\/www.nextmobility.be\/en\/wp-json\/wp\/v2\/media\/905"}],"wp:attachment":[{"href":"https:\/\/www.nextmobility.be\/en\/wp-json\/wp\/v2\/media?parent=1519"}],"curies":[{"name":"wp","href":"https:\/\/api.w.org\/{rel}","templated":true}]}}