{"id":1511,"date":"2025-09-08T17:24:11","date_gmt":"2025-09-08T15:24:11","guid":{"rendered":"https:\/\/nextmobility.be\/andre-simonart\/"},"modified":"2025-09-18T13:02:04","modified_gmt":"2025-09-18T11:02:04","slug":"andre-simonart","status":"publish","type":"page","link":"https:\/\/www.nextmobility.be\/en\/andre-simonart\/","title":{"rendered":"Andr\u00e9 SIMONART"},"content":{"rendered":"\t\t<div data-elementor-type=\"wp-page\" data-elementor-id=\"1511\" class=\"elementor elementor-1511 elementor-1319\" data-elementor-post-type=\"page\">\n\t\t\t\t<div class=\"elementor-element elementor-element-36a03f4 e-flex e-con-boxed e-con e-parent\" data-id=\"36a03f4\" data-element_type=\"container\" data-e-type=\"container\" data-settings=\"{&quot;background_background&quot;:&quot;classic&quot;}\">\n\t\t\t\t\t<div class=\"e-con-inner\">\n\t\t<div class=\"elementor-element elementor-element-d024040 e-con-full e-flex e-con e-child\" data-id=\"d024040\" data-element_type=\"container\" data-e-type=\"container\">\n\t\t\t\t<div class=\"elementor-element elementor-element-71478af elementor-widget elementor-widget-heading\" data-id=\"71478af\" data-element_type=\"widget\" data-e-type=\"widget\" data-widget_type=\"heading.default\">\n\t\t\t\t\t<h2 class=\"elementor-heading-title elementor-size-default\">Co-fondateur<\/h2>\t\t\t\t<\/div>\n\t\t\t\t<div class=\"elementor-element elementor-element-1fbab4a elementor-widget elementor-widget-heading\" data-id=\"1fbab4a\" data-element_type=\"widget\" data-e-type=\"widget\" data-widget_type=\"heading.default\">\n\t\t\t\t\t<h2 class=\"elementor-heading-title elementor-size-default\">Andr\u00e9 <b>SIMONART<\/b><\/h2>\t\t\t\t<\/div>\n\t\t\t\t<div class=\"elementor-element elementor-element-4684cde elementor-widget elementor-widget-text-editor\" data-id=\"4684cde\" data-element_type=\"widget\" data-e-type=\"widget\" data-widget_type=\"text-editor.default\">\n\t\t\t\t\t\t\t\t\t<p><strong>Andr\u00e9 Simonart<\/strong> est un expert en mobilit\u00e9 d\u2019entreprise et gestion de flottes, avec plus de 20 ans d\u2019exp\u00e9rience dans le secteur automobile et des solutions de mobilit\u00e9 durable. En tant que co-fondateur de Next Mobility, il se sp\u00e9cialise dans l\u2019accompagnement strat\u00e9gique et op\u00e9rationnel des entreprises pour faciliter leur transition vers des solutions durables, telles que l\u2019\u00e9lectrification des flottes et la mise en \u0153uvre de politiques de mobilit\u00e9 innovantes. Andr\u00e9 est \u00e9galement reconnu pour ses comp\u00e9tences en coaching et en accompagnement au changement, aidant les organisations et leurs collaborateurs \u00e0 adopter de nouvelles pratiques de mobilit\u00e9 tout en surmontant les r\u00e9sistances internes. Son approche allie expertise technique, p\u00e9dagogie et une profonde compr\u00e9hension des enjeux humains et organisationnels, garantissant ainsi une transformation durable et efficace..<\/p>\t\t\t\t\t\t\t\t<\/div>\n\t\t\t\t<div class=\"elementor-element elementor-element-27a2a55 elementor-widget-divider--view-line elementor-widget elementor-widget-divider\" data-id=\"27a2a55\" data-element_type=\"widget\" data-e-type=\"widget\" data-widget_type=\"divider.default\">\n\t\t\t\t\t\t\t<div class=\"elementor-divider\">\n\t\t\t<span class=\"elementor-divider-separator\">\n\t\t\t\t\t\t<\/span>\n\t\t<\/div>\n\t\t\t\t\t\t<\/div>\n\t\t\t\t<div class=\"elementor-element elementor-element-9592829 elementor-icon-list--layout-inline elementor-list-item-link-full_width elementor-widget elementor-widget-icon-list\" data-id=\"9592829\" data-element_type=\"widget\" data-e-type=\"widget\" data-widget_type=\"icon-list.default\">\n\t\t\t\t\t\t\t<ul class=\"elementor-icon-list-items elementor-inline-items\">\n\t\t\t\t\t\t\t<li class=\"elementor-icon-list-item elementor-inline-item\">\n\t\t\t\t\t\t\t\t\t\t\t<span class=\"elementor-icon-list-icon\">\n\t\t\t\t\t\t\t<svg aria-hidden=\"true\" class=\"e-font-icon-svg e-fas-envelope\" viewBox=\"0 0 512 512\" xmlns=\"http:\/\/www.w3.org\/2000\/svg\"><path d=\"M502.3 190.8c3.9-3.1 9.7-.2 9.7 4.7V400c0 26.5-21.5 48-48 48H48c-26.5 0-48-21.5-48-48V195.6c0-5 5.7-7.8 9.7-4.7 22.4 17.4 52.1 39.5 154.1 113.6 21.1 15.4 56.7 47.8 92.2 47.6 35.7.3 72-32.8 92.3-47.6 102-74.1 131.6-96.3 154-113.7zM256 320c23.2.4 56.6-29.2 73.4-41.4 132.7-96.3 142.8-104.7 173.4-128.7 5.8-4.5 9.2-11.5 9.2-18.9v-19c0-26.5-21.5-48-48-48H48C21.5 64 0 85.5 0 112v19c0 7.4 3.4 14.3 9.2 18.9 30.6 23.9 40.7 32.4 173.4 128.7 16.8 12.2 50.2 41.8 73.4 41.4z\"><\/path><\/svg>\t\t\t\t\t\t<\/span>\n\t\t\t\t\t\t\t\t\t\t<span class=\"elementor-icon-list-text\">andre@nextmobility.be<\/span>\n\t\t\t\t\t\t\t\t\t<\/li>\n\t\t\t\t\t\t\t\t<li class=\"elementor-icon-list-item elementor-inline-item\">\n\t\t\t\t\t\t\t\t\t\t\t<span class=\"elementor-icon-list-icon\">\n\t\t\t\t\t\t\t<svg aria-hidden=\"true\" class=\"e-font-icon-svg e-fas-phone-alt\" viewBox=\"0 0 512 512\" xmlns=\"http:\/\/www.w3.org\/2000\/svg\"><path d=\"M497.39 361.8l-112-48a24 24 0 0 0-28 6.9l-49.6 60.6A370.66 370.66 0 0 1 130.6 204.11l60.6-49.6a23.94 23.94 0 0 0 6.9-28l-48-112A24.16 24.16 0 0 0 122.6.61l-104 24A24 24 0 0 0 0 48c0 256.5 207.9 464 464 464a24 24 0 0 0 23.4-18.6l24-104a24.29 24.29 0 0 0-14.01-27.6z\"><\/path><\/svg>\t\t\t\t\t\t<\/span>\n\t\t\t\t\t\t\t\t\t\t<span class=\"elementor-icon-list-text\"> +32 (0) 475 82 26 64<\/span>\n\t\t\t\t\t\t\t\t\t<\/li>\n\t\t\t\t\t\t\t\t<li class=\"elementor-icon-list-item elementor-inline-item\">\n\t\t\t\t\t\t\t\t\t\t\t<a href=\"https:\/\/www.linkedin.com\/in\/andr%C3%A9-simonart-891942\/\" target=\"_blank\" rel=\"nofollow\">\n\n\t\t\t\t\t\t\t\t\t\t\t\t<span class=\"elementor-icon-list-icon\">\n\t\t\t\t\t\t\t<svg aria-hidden=\"true\" class=\"e-font-icon-svg e-fab-linkedin\" viewBox=\"0 0 448 512\" xmlns=\"http:\/\/www.w3.org\/2000\/svg\"><path d=\"M416 32H31.9C14.3 32 0 46.5 0 64.3v383.4C0 465.5 14.3 480 31.9 480H416c17.6 0 32-14.5 32-32.3V64.3c0-17.8-14.4-32.3-32-32.3zM135.4 416H69V202.2h66.5V416zm-33.2-243c-21.3 0-38.5-17.3-38.5-38.5S80.9 96 102.2 96c21.2 0 38.5 17.3 38.5 38.5 0 21.3-17.2 38.5-38.5 38.5zm282.1 243h-66.4V312c0-24.8-.5-56.7-34.5-56.7-34.6 0-39.9 27-39.9 54.9V416h-66.4V202.2h63.7v29.2h.9c8.9-16.8 30.6-34.5 62.9-34.5 67.2 0 79.7 44.3 79.7 101.9V416z\"><\/path><\/svg>\t\t\t\t\t\t<\/span>\n\t\t\t\t\t\t\t\t\t\t<span class=\"elementor-icon-list-text\">Suivez-moi<\/span>\n\t\t\t\t\t\t\t\t\t\t\t<\/a>\n\t\t\t\t\t\t\t\t\t<\/li>\n\t\t\t\t\t\t<\/ul>\n\t\t\t\t\t\t<\/div>\n\t\t\t\t<\/div>\n\t\t<div class=\"elementor-element elementor-element-d0a24c7 e-con-full e-flex e-con e-child\" data-id=\"d0a24c7\" data-element_type=\"container\" data-e-type=\"container\">\n\t\t\t\t<div class=\"elementor-element elementor-element-6c9a54e elementor-widget elementor-widget-image\" data-id=\"6c9a54e\" data-element_type=\"widget\" data-e-type=\"widget\" data-widget_type=\"image.default\">\n\t\t\t\t\t\t\t\t\t\t\t\t\t\t\t<img fetchpriority=\"high\" decoding=\"async\" width=\"801\" height=\"800\" src=\"https:\/\/www.nextmobility.be\/wp-content\/uploads\/2025\/07\/andre.png\" class=\"attachment-full size-full wp-image-903\" alt=\"\" srcset=\"https:\/\/www.nextmobility.be\/wp-content\/uploads\/2025\/07\/andre.png 801w, https:\/\/www.nextmobility.be\/wp-content\/uploads\/2025\/07\/andre-300x300.png 300w, https:\/\/www.nextmobility.be\/wp-content\/uploads\/2025\/07\/andre-150x150.png 150w, https:\/\/www.nextmobility.be\/wp-content\/uploads\/2025\/07\/andre-768x767.png 768w\" sizes=\"(max-width: 801px) 100vw, 801px\" \/>\t\t\t\t\t\t\t\t\t\t\t\t\t\t\t<\/div>\n\t\t\t\t<\/div>\n\t\t\t\t\t<\/div>\n\t\t\t\t<\/div>\n\t\t\t\t<\/div>\n\t\t","protected":false},"excerpt":{"rendered":"<p>Co-fondateur Andr\u00e9 SIMONART Andr\u00e9 Simonart est un expert en mobilit\u00e9 d\u2019entreprise et gestion de flottes, avec plus de 20 ans d\u2019exp\u00e9rience dans le secteur automobile et des solutions de mobilit\u00e9 durable. En tant que co-fondateur de Next Mobility, il se sp\u00e9cialise dans l\u2019accompagnement strat\u00e9gique et op\u00e9rationnel des entreprises pour faciliter leur transition vers des solutions [&hellip;]<\/p>\n","protected":false},"author":1,"featured_media":903,"parent":0,"menu_order":0,"comment_status":"closed","ping_status":"closed","template":"","meta":{"_acf_changed":false,"footnotes":""},"class_list":["post-1511","page","type-page","status-publish","has-post-thumbnail","hentry"],"acf":[],"yoast_head":"<!-- This site is optimized with the Yoast SEO plugin v27.0 - https:\/\/yoast.com\/product\/yoast-seo-wordpress\/ -->\n<title>Andr\u00e9 SIMONART - Next Mobility<\/title>\n<meta name=\"robots\" content=\"index, follow, max-snippet:-1, max-image-preview:large, max-video-preview:-1\" \/>\n<link rel=\"canonical\" href=\"https:\/\/www.nextmobility.be\/en\/andre-simonart\/\" \/>\n<meta property=\"og:locale\" content=\"en_US\" \/>\n<meta property=\"og:type\" content=\"article\" \/>\n<meta property=\"og:title\" content=\"Andr\u00e9 SIMONART - Next Mobility\" \/>\n<meta property=\"og:description\" content=\"Co-fondateur Andr\u00e9 SIMONART Andr\u00e9 Simonart est un expert en mobilit\u00e9 d\u2019entreprise et gestion de flottes, avec plus de 20 ans d\u2019exp\u00e9rience dans le secteur automobile et des solutions de mobilit\u00e9 durable. En tant que co-fondateur de Next Mobility, il se sp\u00e9cialise dans l\u2019accompagnement strat\u00e9gique et op\u00e9rationnel des entreprises pour faciliter leur transition vers des solutions [&hellip;]\" \/>\n<meta property=\"og:url\" content=\"https:\/\/www.nextmobility.be\/en\/andre-simonart\/\" \/>\n<meta property=\"og:site_name\" content=\"Next Mobility\" \/>\n<meta property=\"article:publisher\" content=\"https:\/\/www.facebook.com\/nextmobility.be\" \/>\n<meta property=\"article:modified_time\" content=\"2025-09-18T11:02:04+00:00\" \/>\n<meta property=\"og:image\" content=\"https:\/\/www.nextmobility.be\/wp-content\/uploads\/2025\/07\/andre.png\" \/>\n\t<meta property=\"og:image:width\" content=\"801\" \/>\n\t<meta property=\"og:image:height\" content=\"800\" \/>\n\t<meta property=\"og:image:type\" content=\"image\/png\" \/>\n<meta name=\"twitter:card\" content=\"summary_large_image\" \/>\n<meta name=\"twitter:label1\" content=\"Est. reading time\" \/>\n\t<meta name=\"twitter:data1\" content=\"1 minute\" \/>\n<script type=\"application\/ld+json\" class=\"yoast-schema-graph\">{\"@context\":\"https:\/\/schema.org\",\"@graph\":[{\"@type\":\"WebPage\",\"@id\":\"https:\/\/www.nextmobility.be\/en\/andre-simonart\/\",\"url\":\"https:\/\/www.nextmobility.be\/en\/andre-simonart\/\",\"name\":\"Andr\u00e9 SIMONART - Next Mobility\",\"isPartOf\":{\"@id\":\"https:\/\/www.nextmobility.be\/en\/#website\"},\"primaryImageOfPage\":{\"@id\":\"https:\/\/www.nextmobility.be\/en\/andre-simonart\/#primaryimage\"},\"image\":{\"@id\":\"https:\/\/www.nextmobility.be\/en\/andre-simonart\/#primaryimage\"},\"thumbnailUrl\":\"https:\/\/www.nextmobility.be\/wp-content\/uploads\/2025\/07\/andre.png\",\"datePublished\":\"2025-09-08T15:24:11+00:00\",\"dateModified\":\"2025-09-18T11:02:04+00:00\",\"breadcrumb\":{\"@id\":\"https:\/\/www.nextmobility.be\/en\/andre-simonart\/#breadcrumb\"},\"inLanguage\":\"en-US\",\"potentialAction\":[{\"@type\":\"ReadAction\",\"target\":[\"https:\/\/www.nextmobility.be\/en\/andre-simonart\/\"]}]},{\"@type\":\"ImageObject\",\"inLanguage\":\"en-US\",\"@id\":\"https:\/\/www.nextmobility.be\/en\/andre-simonart\/#primaryimage\",\"url\":\"https:\/\/www.nextmobility.be\/wp-content\/uploads\/2025\/07\/andre.png\",\"contentUrl\":\"https:\/\/www.nextmobility.be\/wp-content\/uploads\/2025\/07\/andre.png\",\"width\":801,\"height\":800},{\"@type\":\"BreadcrumbList\",\"@id\":\"https:\/\/www.nextmobility.be\/en\/andre-simonart\/#breadcrumb\",\"itemListElement\":[{\"@type\":\"ListItem\",\"position\":1,\"name\":\"Accueil\",\"item\":\"https:\/\/www.nextmobility.be\/en\/\"},{\"@type\":\"ListItem\",\"position\":2,\"name\":\"Andr\u00e9 SIMONART\"}]},{\"@type\":\"WebSite\",\"@id\":\"https:\/\/www.nextmobility.be\/en\/#website\",\"url\":\"https:\/\/www.nextmobility.be\/en\/\",\"name\":\"Next Mobility\",\"description\":\"Gestion de la Mobilit\u00e9 Durable\",\"publisher\":{\"@id\":\"https:\/\/www.nextmobility.be\/en\/#organization\"},\"potentialAction\":[{\"@type\":\"SearchAction\",\"target\":{\"@type\":\"EntryPoint\",\"urlTemplate\":\"https:\/\/www.nextmobility.be\/en\/?s={search_term_string}\"},\"query-input\":{\"@type\":\"PropertyValueSpecification\",\"valueRequired\":true,\"valueName\":\"search_term_string\"}}],\"inLanguage\":\"en-US\"},{\"@type\":\"Organization\",\"@id\":\"https:\/\/www.nextmobility.be\/en\/#organization\",\"name\":\"Next Mobility\",\"url\":\"https:\/\/www.nextmobility.be\/en\/\",\"logo\":{\"@type\":\"ImageObject\",\"inLanguage\":\"en-US\",\"@id\":\"https:\/\/www.nextmobility.be\/en\/#\/schema\/logo\/image\/\",\"url\":\"https:\/\/www.nextmobility.be\/wp-content\/uploads\/2025\/09\/logo-next-mobility-header.svg\",\"contentUrl\":\"https:\/\/www.nextmobility.be\/wp-content\/uploads\/2025\/09\/logo-next-mobility-header.svg\",\"caption\":\"Next Mobility\"},\"image\":{\"@id\":\"https:\/\/www.nextmobility.be\/en\/#\/schema\/logo\/image\/\"},\"sameAs\":[\"https:\/\/www.facebook.com\/nextmobility.be\",\"https:\/\/www.linkedin.com\/company\/nextmobility\/\",\"https:\/\/www.instagram.com\/nextmobilitybelgium\/\",\"https:\/\/www.youtube.com\/@NextMobilityBelgique\"]}]}<\/script>\n<!-- \/ Yoast SEO plugin. -->","yoast_head_json":{"title":"Andr\u00e9 SIMONART - Next Mobility","robots":{"index":"index","follow":"follow","max-snippet":"max-snippet:-1","max-image-preview":"max-image-preview:large","max-video-preview":"max-video-preview:-1"},"canonical":"https:\/\/www.nextmobility.be\/en\/andre-simonart\/","og_locale":"en_US","og_type":"article","og_title":"Andr\u00e9 SIMONART - Next Mobility","og_description":"Co-fondateur Andr\u00e9 SIMONART Andr\u00e9 Simonart est un expert en mobilit\u00e9 d\u2019entreprise et gestion de flottes, avec plus de 20 ans d\u2019exp\u00e9rience dans le secteur automobile et des solutions de mobilit\u00e9 durable. En tant que co-fondateur de Next Mobility, il se sp\u00e9cialise dans l\u2019accompagnement strat\u00e9gique et op\u00e9rationnel des entreprises pour faciliter leur transition vers des solutions [&hellip;]","og_url":"https:\/\/www.nextmobility.be\/en\/andre-simonart\/","og_site_name":"Next Mobility","article_publisher":"https:\/\/www.facebook.com\/nextmobility.be","article_modified_time":"2025-09-18T11:02:04+00:00","og_image":[{"width":801,"height":800,"url":"https:\/\/www.nextmobility.be\/wp-content\/uploads\/2025\/07\/andre.png","type":"image\/png"}],"twitter_card":"summary_large_image","twitter_misc":{"Est. reading time":"1 minute"},"schema":{"@context":"https:\/\/schema.org","@graph":[{"@type":"WebPage","@id":"https:\/\/www.nextmobility.be\/en\/andre-simonart\/","url":"https:\/\/www.nextmobility.be\/en\/andre-simonart\/","name":"Andr\u00e9 SIMONART - Next Mobility","isPartOf":{"@id":"https:\/\/www.nextmobility.be\/en\/#website"},"primaryImageOfPage":{"@id":"https:\/\/www.nextmobility.be\/en\/andre-simonart\/#primaryimage"},"image":{"@id":"https:\/\/www.nextmobility.be\/en\/andre-simonart\/#primaryimage"},"thumbnailUrl":"https:\/\/www.nextmobility.be\/wp-content\/uploads\/2025\/07\/andre.png","datePublished":"2025-09-08T15:24:11+00:00","dateModified":"2025-09-18T11:02:04+00:00","breadcrumb":{"@id":"https:\/\/www.nextmobility.be\/en\/andre-simonart\/#breadcrumb"},"inLanguage":"en-US","potentialAction":[{"@type":"ReadAction","target":["https:\/\/www.nextmobility.be\/en\/andre-simonart\/"]}]},{"@type":"ImageObject","inLanguage":"en-US","@id":"https:\/\/www.nextmobility.be\/en\/andre-simonart\/#primaryimage","url":"https:\/\/www.nextmobility.be\/wp-content\/uploads\/2025\/07\/andre.png","contentUrl":"https:\/\/www.nextmobility.be\/wp-content\/uploads\/2025\/07\/andre.png","width":801,"height":800},{"@type":"BreadcrumbList","@id":"https:\/\/www.nextmobility.be\/en\/andre-simonart\/#breadcrumb","itemListElement":[{"@type":"ListItem","position":1,"name":"Accueil","item":"https:\/\/www.nextmobility.be\/en\/"},{"@type":"ListItem","position":2,"name":"Andr\u00e9 SIMONART"}]},{"@type":"WebSite","@id":"https:\/\/www.nextmobility.be\/en\/#website","url":"https:\/\/www.nextmobility.be\/en\/","name":"Next Mobility","description":"Gestion de la Mobilit\u00e9 Durable","publisher":{"@id":"https:\/\/www.nextmobility.be\/en\/#organization"},"potentialAction":[{"@type":"SearchAction","target":{"@type":"EntryPoint","urlTemplate":"https:\/\/www.nextmobility.be\/en\/?s={search_term_string}"},"query-input":{"@type":"PropertyValueSpecification","valueRequired":true,"valueName":"search_term_string"}}],"inLanguage":"en-US"},{"@type":"Organization","@id":"https:\/\/www.nextmobility.be\/en\/#organization","name":"Next Mobility","url":"https:\/\/www.nextmobility.be\/en\/","logo":{"@type":"ImageObject","inLanguage":"en-US","@id":"https:\/\/www.nextmobility.be\/en\/#\/schema\/logo\/image\/","url":"https:\/\/www.nextmobility.be\/wp-content\/uploads\/2025\/09\/logo-next-mobility-header.svg","contentUrl":"https:\/\/www.nextmobility.be\/wp-content\/uploads\/2025\/09\/logo-next-mobility-header.svg","caption":"Next Mobility"},"image":{"@id":"https:\/\/www.nextmobility.be\/en\/#\/schema\/logo\/image\/"},"sameAs":["https:\/\/www.facebook.com\/nextmobility.be","https:\/\/www.linkedin.com\/company\/nextmobility\/","https:\/\/www.instagram.com\/nextmobilitybelgium\/","https:\/\/www.youtube.com\/@NextMobilityBelgique"]}]}},"_links":{"self":[{"href":"https:\/\/www.nextmobility.be\/en\/wp-json\/wp\/v2\/pages\/1511","targetHints":{"allow":["GET"]}}],"collection":[{"href":"https:\/\/www.nextmobility.be\/en\/wp-json\/wp\/v2\/pages"}],"about":[{"href":"https:\/\/www.nextmobility.be\/en\/wp-json\/wp\/v2\/types\/page"}],"author":[{"embeddable":true,"href":"https:\/\/www.nextmobility.be\/en\/wp-json\/wp\/v2\/users\/1"}],"replies":[{"embeddable":true,"href":"https:\/\/www.nextmobility.be\/en\/wp-json\/wp\/v2\/comments?post=1511"}],"version-history":[{"count":0,"href":"https:\/\/www.nextmobility.be\/en\/wp-json\/wp\/v2\/pages\/1511\/revisions"}],"wp:featuredmedia":[{"embeddable":true,"href":"https:\/\/www.nextmobility.be\/en\/wp-json\/wp\/v2\/media\/903"}],"wp:attachment":[{"href":"https:\/\/www.nextmobility.be\/en\/wp-json\/wp\/v2\/media?parent=1511"}],"curies":[{"name":"wp","href":"https:\/\/api.w.org\/{rel}","templated":true}]}}