{"id":1508,"date":"2025-07-16T17:14:23","date_gmt":"2025-07-16T15:14:23","guid":{"rendered":"https:\/\/nextmobility.be\/a-propos\/"},"modified":"2025-09-23T13:57:21","modified_gmt":"2025-09-23T11:57:21","slug":"team","status":"publish","type":"page","link":"https:\/\/www.nextmobility.be\/en\/team\/","title":{"rendered":"Team"},"content":{"rendered":"\t\t<div data-elementor-type=\"wp-page\" data-elementor-id=\"1508\" class=\"elementor elementor-1508 elementor-21\" data-elementor-post-type=\"page\">\n\t\t\t\t<div class=\"elementor-element elementor-element-5d4f109 e-flex e-con-boxed e-con e-parent\" data-id=\"5d4f109\" data-element_type=\"container\" data-e-type=\"container\" data-settings=\"{&quot;background_background&quot;:&quot;classic&quot;}\">\n\t\t\t\t\t<div class=\"e-con-inner\">\n\t\t<div class=\"elementor-element elementor-element-ad47067 e-con-full e-flex e-con e-child\" data-id=\"ad47067\" data-element_type=\"container\" data-e-type=\"container\">\n\t\t<div class=\"elementor-element elementor-element-204d71f e-con-full e-flex e-con e-child\" data-id=\"204d71f\" data-element_type=\"container\" data-e-type=\"container\">\n\t\t\t\t<div class=\"elementor-element elementor-element-3749ad1 elementor-widget elementor-widget-heading\" data-id=\"3749ad1\" data-element_type=\"widget\" data-e-type=\"widget\" data-widget_type=\"heading.default\">\n\t\t\t\t\t<p class=\"elementor-heading-title elementor-size-default\">The team<\/p>\t\t\t\t<\/div>\n\t\t\t\t<div class=\"elementor-element elementor-element-29d042f elementor-widget__width-initial elementor-widget elementor-widget-heading\" data-id=\"29d042f\" data-element_type=\"widget\" data-e-type=\"widget\" data-widget_type=\"heading.default\">\n\t\t\t\t\t<h1 class=\"elementor-heading-title elementor-size-default\">Mobility experts who <b>share<\/b> their experience and passion<\/h1>\t\t\t\t<\/div>\n\t\t\t\t<div class=\"elementor-element elementor-element-6f8605b elementor-widget elementor-widget-text-editor\" data-id=\"6f8605b\" data-element_type=\"widget\" data-e-type=\"widget\" data-widget_type=\"text-editor.default\">\n\t\t\t\t\t\t\t\t\t<p>Born from the meeting of our shared passions \u2013 those of Nicolas Verstraete and Andr\u00e9 Simonart \u2013 for more sustainable, diverse, flexible and low-carbon mobility, and from our desire to adopt a leaner, simpler, more practical and efficient approach, Next Mobility is innovating and redefining the role of mobility consultancy.<\/p><p>We are building our DNA by supporting our clients from strategy to implementation, helping them turn their ambitions into successful, sustainable mobility solutions.<\/p><p>With strategic vision, operational expertise and a human-centred approach, our team helps companies turn sustainable mobility into a reality. We support organisations in rethinking professional journeys, reducing their carbon footprint and improving employee wellbeing.<\/p>\t\t\t\t\t\t\t\t<\/div>\n\t\t\t\t<\/div>\n\t\t<div class=\"elementor-element elementor-element-a7f2958 e-con-full elementor-hidden-tablet elementor-hidden-mobile e-flex e-con e-child\" data-id=\"a7f2958\" data-element_type=\"container\" data-e-type=\"container\">\n\t\t\t\t<\/div>\n\t\t\t\t<\/div>\n\t\t\t\t\t<\/div>\n\t\t\t\t<\/div>\n\t\t<div class=\"elementor-element elementor-element-4401187 e-flex e-con-boxed e-con e-parent\" data-id=\"4401187\" data-element_type=\"container\" data-e-type=\"container\" data-settings=\"{&quot;background_background&quot;:&quot;classic&quot;}\">\n\t\t\t\t\t<div class=\"e-con-inner\">\n\t\t<div class=\"elementor-element elementor-element-e3230e0 e-con-full e-flex e-con e-child\" data-id=\"e3230e0\" data-element_type=\"container\" data-e-type=\"container\">\n\t\t<div class=\"elementor-element elementor-element-5f8cbf4 e-con-full e-flex e-con e-child\" data-id=\"5f8cbf4\" data-element_type=\"container\" data-e-type=\"container\">\n\t\t\t\t<div class=\"elementor-element elementor-element-38b3b8f elementor-widget elementor-widget-image\" data-id=\"38b3b8f\" data-element_type=\"widget\" data-e-type=\"widget\" data-widget_type=\"image.default\">\n\t\t\t\t\t\t\t\t\t\t\t\t\t\t\t\t<a href=\"https:\/\/www.nextmobility.be\/andre-simonart\/\">\n\t\t\t\t\t\t\t<img fetchpriority=\"high\" decoding=\"async\" width=\"801\" height=\"800\" src=\"https:\/\/www.nextmobility.be\/wp-content\/uploads\/2025\/07\/andre.png\" class=\"attachment-full size-full wp-image-903\" alt=\"\" srcset=\"https:\/\/www.nextmobility.be\/wp-content\/uploads\/2025\/07\/andre.png 801w, https:\/\/www.nextmobility.be\/wp-content\/uploads\/2025\/07\/andre-300x300.png 300w, https:\/\/www.nextmobility.be\/wp-content\/uploads\/2025\/07\/andre-150x150.png 150w, https:\/\/www.nextmobility.be\/wp-content\/uploads\/2025\/07\/andre-768x767.png 768w\" sizes=\"(max-width: 801px) 100vw, 801px\" \/>\t\t\t\t\t\t\t\t<\/a>\n\t\t\t\t\t\t\t\t\t\t\t\t\t\t\t<\/div>\n\t\t\t\t<div class=\"elementor-element elementor-element-7edb8b1 elementor-widget elementor-widget-heading\" data-id=\"7edb8b1\" data-element_type=\"widget\" data-e-type=\"widget\" data-widget_type=\"heading.default\">\n\t\t\t\t\t<h2 class=\"elementor-heading-title elementor-size-default\">Co-founder<\/h2>\t\t\t\t<\/div>\n\t\t\t\t<\/div>\n\t\t\t\t<div class=\"elementor-element elementor-element-ca1e798 elementor-widget elementor-widget-heading\" data-id=\"ca1e798\" data-element_type=\"widget\" data-e-type=\"widget\" data-widget_type=\"heading.default\">\n\t\t\t\t\t<p class=\"elementor-heading-title elementor-size-default\">Andr\u00e9<\/p>\t\t\t\t<\/div>\n\t\t\t\t<div class=\"elementor-element elementor-element-e4922a9 elementor-widget elementor-widget-text-editor\" data-id=\"e4922a9\" data-element_type=\"widget\" data-e-type=\"widget\" data-widget_type=\"text-editor.default\">\n\t\t\t\t\t\t\t\t\t<p>Expert in fleet management and corporate mobility, Andr\u00e9 helps organisations transition to sustainable mobility through strategic guidance and hands-on support.<\/p>\t\t\t\t\t\t\t\t<\/div>\n\t\t\t\t<div class=\"elementor-element elementor-element-7a2c596 elementor-widget elementor-widget-button\" data-id=\"7a2c596\" data-element_type=\"widget\" data-e-type=\"widget\" data-widget_type=\"button.default\">\n\t\t\t\t\t\t\t\t\t\t<a class=\"elementor-button elementor-button-link elementor-size-sm\" href=\"https:\/\/www.nextmobility.be\/en\/andre-simonart\/\">\n\t\t\t\t\t\t<span class=\"elementor-button-content-wrapper\">\n\t\t\t\t\t\t<span class=\"elementor-button-icon\">\n\t\t\t\t<i aria-hidden=\"true\" class=\"icon icon-arrow-up-right2\"><\/i>\t\t\t<\/span>\n\t\t\t\t\t\t\t\t\t<span class=\"elementor-button-text\">Discover Andr\u00e9<\/span>\n\t\t\t\t\t<\/span>\n\t\t\t\t\t<\/a>\n\t\t\t\t\t\t\t\t<\/div>\n\t\t\t\t<\/div>\n\t\t<div class=\"elementor-element elementor-element-bcdfedd e-con-full e-flex e-con e-child\" data-id=\"bcdfedd\" data-element_type=\"container\" data-e-type=\"container\">\n\t\t<div class=\"elementor-element elementor-element-0988d38 e-con-full e-flex e-con e-child\" data-id=\"0988d38\" data-element_type=\"container\" data-e-type=\"container\">\n\t\t\t\t<div class=\"elementor-element elementor-element-3c89cc8 elementor-widget elementor-widget-image\" data-id=\"3c89cc8\" data-element_type=\"widget\" data-e-type=\"widget\" data-widget_type=\"image.default\">\n\t\t\t\t\t\t\t\t\t\t\t\t\t\t\t\t<a href=\"https:\/\/www.nextmobility.be\/benoit-loosveld\/\">\n\t\t\t\t\t\t\t<img decoding=\"async\" width=\"800\" height=\"850\" src=\"https:\/\/www.nextmobility.be\/wp-content\/uploads\/2025\/07\/ben.png\" class=\"attachment-full size-full wp-image-904\" alt=\"\" srcset=\"https:\/\/www.nextmobility.be\/wp-content\/uploads\/2025\/07\/ben.png 800w, https:\/\/www.nextmobility.be\/wp-content\/uploads\/2025\/07\/ben-282x300.png 282w, https:\/\/www.nextmobility.be\/wp-content\/uploads\/2025\/07\/ben-768x816.png 768w\" sizes=\"(max-width: 800px) 100vw, 800px\" \/>\t\t\t\t\t\t\t\t<\/a>\n\t\t\t\t\t\t\t\t\t\t\t\t\t\t\t<\/div>\n\t\t\t\t<\/div>\n\t\t\t\t<div class=\"elementor-element elementor-element-d6f047f elementor-widget elementor-widget-heading\" data-id=\"d6f047f\" data-element_type=\"widget\" data-e-type=\"widget\" data-widget_type=\"heading.default\">\n\t\t\t\t\t<h2 class=\"elementor-heading-title elementor-size-default\">Senior Consultant<\/h2>\t\t\t\t<\/div>\n\t\t\t\t<div class=\"elementor-element elementor-element-c67c151 elementor-widget elementor-widget-heading\" data-id=\"c67c151\" data-element_type=\"widget\" data-e-type=\"widget\" data-widget_type=\"heading.default\">\n\t\t\t\t\t<p class=\"elementor-heading-title elementor-size-default\">Beno\u00eet<\/p>\t\t\t\t<\/div>\n\t\t\t\t<div class=\"elementor-element elementor-element-f2efd17 elementor-widget elementor-widget-text-editor\" data-id=\"f2efd17\" data-element_type=\"widget\" data-e-type=\"widget\" data-widget_type=\"text-editor.default\">\n\t\t\t\t\t\t\t\t\t<p>With a strong HR background, Beno\u00eet supports companies in deploying mobility budgets and electrifying fleets, aligning sustainability with employee engagement.<\/p>\t\t\t\t\t\t\t\t<\/div>\n\t\t\t\t<div class=\"elementor-element elementor-element-fb11165 elementor-widget elementor-widget-button\" data-id=\"fb11165\" data-element_type=\"widget\" data-e-type=\"widget\" data-widget_type=\"button.default\">\n\t\t\t\t\t\t\t\t\t\t<a class=\"elementor-button elementor-button-link elementor-size-sm\" href=\"https:\/\/www.nextmobility.be\/en\/benoit-loosveld\/\">\n\t\t\t\t\t\t<span class=\"elementor-button-content-wrapper\">\n\t\t\t\t\t\t<span class=\"elementor-button-icon\">\n\t\t\t\t<i aria-hidden=\"true\" class=\"icon icon-arrow-up-right2\"><\/i>\t\t\t<\/span>\n\t\t\t\t\t\t\t\t\t<span class=\"elementor-button-text\">Discover  Beno\u00eet<\/span>\n\t\t\t\t\t<\/span>\n\t\t\t\t\t<\/a>\n\t\t\t\t\t\t\t\t<\/div>\n\t\t\t\t<\/div>\n\t\t<div class=\"elementor-element elementor-element-a2939fe e-con-full e-flex e-con e-child\" data-id=\"a2939fe\" data-element_type=\"container\" data-e-type=\"container\">\n\t\t<div class=\"elementor-element elementor-element-384c77c e-con-full e-flex e-con e-child\" data-id=\"384c77c\" data-element_type=\"container\" data-e-type=\"container\">\n\t\t\t\t<div class=\"elementor-element elementor-element-2431cfa elementor-widget elementor-widget-image\" data-id=\"2431cfa\" data-element_type=\"widget\" data-e-type=\"widget\" data-widget_type=\"image.default\">\n\t\t\t\t\t\t\t\t\t\t\t\t\t\t\t\t<a href=\"https:\/\/www.nextmobility.be\/francois-de-troostembergh\/\">\n\t\t\t\t\t\t\t<img decoding=\"async\" width=\"849\" height=\"824\" src=\"https:\/\/www.nextmobility.be\/wp-content\/uploads\/2025\/07\/francois.png\" class=\"attachment-full size-full wp-image-905\" alt=\"\" srcset=\"https:\/\/www.nextmobility.be\/wp-content\/uploads\/2025\/07\/francois.png 849w, https:\/\/www.nextmobility.be\/wp-content\/uploads\/2025\/07\/francois-300x291.png 300w, https:\/\/www.nextmobility.be\/wp-content\/uploads\/2025\/07\/francois-768x745.png 768w\" sizes=\"(max-width: 849px) 100vw, 849px\" \/>\t\t\t\t\t\t\t\t<\/a>\n\t\t\t\t\t\t\t\t\t\t\t\t\t\t\t<\/div>\n\t\t\t\t<\/div>\n\t\t\t\t<div class=\"elementor-element elementor-element-8f16400 elementor-widget elementor-widget-heading\" data-id=\"8f16400\" data-element_type=\"widget\" data-e-type=\"widget\" data-widget_type=\"heading.default\">\n\t\t\t\t\t<h2 class=\"elementor-heading-title elementor-size-default\">Consultant<\/h2>\t\t\t\t<\/div>\n\t\t\t\t<div class=\"elementor-element elementor-element-37c646a elementor-widget elementor-widget-heading\" data-id=\"37c646a\" data-element_type=\"widget\" data-e-type=\"widget\" data-widget_type=\"heading.default\">\n\t\t\t\t\t<p class=\"elementor-heading-title elementor-size-default\">Fran\u00e7ois<\/p>\t\t\t\t<\/div>\n\t\t\t\t<div class=\"elementor-element elementor-element-a8013a3 elementor-widget elementor-widget-text-editor\" data-id=\"a8013a3\" data-element_type=\"widget\" data-e-type=\"widget\" data-widget_type=\"text-editor.default\">\n\t\t\t\t\t\t\t\t\t<p>Fran\u00e7ois brings operational expertise in fleet optimisation and mobility transition, helping organisations reduce emissions with tailored, human-centred solutions.<\/p>\t\t\t\t\t\t\t\t<\/div>\n\t\t\t\t<div class=\"elementor-element elementor-element-7570143 elementor-widget elementor-widget-button\" data-id=\"7570143\" data-element_type=\"widget\" data-e-type=\"widget\" data-widget_type=\"button.default\">\n\t\t\t\t\t\t\t\t\t\t<a class=\"elementor-button elementor-button-link elementor-size-sm\" href=\"https:\/\/www.nextmobility.be\/en\/francois-de-troostembergh\/\">\n\t\t\t\t\t\t<span class=\"elementor-button-content-wrapper\">\n\t\t\t\t\t\t<span class=\"elementor-button-icon\">\n\t\t\t\t<i aria-hidden=\"true\" class=\"icon icon-arrow-up-right2\"><\/i>\t\t\t<\/span>\n\t\t\t\t\t\t\t\t\t<span class=\"elementor-button-text\">Discover Fran\u00e7ois<\/span>\n\t\t\t\t\t<\/span>\n\t\t\t\t\t<\/a>\n\t\t\t\t\t\t\t\t<\/div>\n\t\t\t\t<\/div>\n\t\t<div class=\"elementor-element elementor-element-2baaab1 e-con-full e-flex e-con e-child\" data-id=\"2baaab1\" data-element_type=\"container\" data-e-type=\"container\">\n\t\t<div class=\"elementor-element elementor-element-9fbd695 e-con-full e-flex e-con e-child\" data-id=\"9fbd695\" data-element_type=\"container\" data-e-type=\"container\">\n\t\t\t\t<div class=\"elementor-element elementor-element-271b23b elementor-widget elementor-widget-image\" data-id=\"271b23b\" data-element_type=\"widget\" data-e-type=\"widget\" data-widget_type=\"image.default\">\n\t\t\t\t\t\t\t\t\t\t\t\t\t\t\t\t<a href=\"https:\/\/www.nextmobility.be\/nicolas-verstraete\/\">\n\t\t\t\t\t\t\t<img loading=\"lazy\" decoding=\"async\" width=\"800\" height=\"844\" src=\"https:\/\/www.nextmobility.be\/wp-content\/uploads\/2025\/07\/nicolas.png\" class=\"attachment-full size-full wp-image-906\" alt=\"\" srcset=\"https:\/\/www.nextmobility.be\/wp-content\/uploads\/2025\/07\/nicolas.png 800w, https:\/\/www.nextmobility.be\/wp-content\/uploads\/2025\/07\/nicolas-284x300.png 284w, https:\/\/www.nextmobility.be\/wp-content\/uploads\/2025\/07\/nicolas-768x810.png 768w\" sizes=\"(max-width: 800px) 100vw, 800px\" \/>\t\t\t\t\t\t\t\t<\/a>\n\t\t\t\t\t\t\t\t\t\t\t\t\t\t\t<\/div>\n\t\t\t\t<\/div>\n\t\t\t\t<div class=\"elementor-element elementor-element-bb3d7da elementor-widget elementor-widget-heading\" data-id=\"bb3d7da\" data-element_type=\"widget\" data-e-type=\"widget\" data-widget_type=\"heading.default\">\n\t\t\t\t\t<h2 class=\"elementor-heading-title elementor-size-default\">Co-founder<\/h2>\t\t\t\t<\/div>\n\t\t\t\t<div class=\"elementor-element elementor-element-b4d52b8 elementor-widget elementor-widget-heading\" data-id=\"b4d52b8\" data-element_type=\"widget\" data-e-type=\"widget\" data-widget_type=\"heading.default\">\n\t\t\t\t\t<p class=\"elementor-heading-title elementor-size-default\">Nicolas<\/p>\t\t\t\t<\/div>\n\t\t\t\t<div class=\"elementor-element elementor-element-ca59be8 elementor-widget elementor-widget-text-editor\" data-id=\"ca59be8\" data-element_type=\"widget\" data-e-type=\"widget\" data-widget_type=\"text-editor.default\">\n\t\t\t\t\t\t\t\t\t<p>Specialist in data-driven mobility strategies, Nicolas combines analytical expertise with practical experience to design and implement low-carbon mobility solutions.<\/p>\t\t\t\t\t\t\t\t<\/div>\n\t\t\t\t<div class=\"elementor-element elementor-element-491b2af elementor-widget elementor-widget-button\" data-id=\"491b2af\" data-element_type=\"widget\" data-e-type=\"widget\" data-widget_type=\"button.default\">\n\t\t\t\t\t\t\t\t\t\t<a class=\"elementor-button elementor-button-link elementor-size-sm\" href=\"https:\/\/www.nextmobility.be\/en\/nicolas-verstraete\/\">\n\t\t\t\t\t\t<span class=\"elementor-button-content-wrapper\">\n\t\t\t\t\t\t<span class=\"elementor-button-icon\">\n\t\t\t\t<i aria-hidden=\"true\" class=\"icon icon-arrow-up-right2\"><\/i>\t\t\t<\/span>\n\t\t\t\t\t\t\t\t\t<span class=\"elementor-button-text\">Discover Nicolas<\/span>\n\t\t\t\t\t<\/span>\n\t\t\t\t\t<\/a>\n\t\t\t\t\t\t\t\t<\/div>\n\t\t\t\t<\/div>\n\t\t\t\t\t<\/div>\n\t\t\t\t<\/div>\n\t\t\t\t<\/div>\n\t\t","protected":false},"excerpt":{"rendered":"<p>The team Mobility experts who share their experience and passion Born from the meeting of our shared passions \u2013 those of Nicolas Verstraete and Andr\u00e9 Simonart \u2013 for more sustainable, diverse, flexible and low-carbon mobility, and from our desire to adopt a leaner, simpler, more practical and efficient approach, Next Mobility is innovating and redefining [&hellip;]<\/p>\n","protected":false},"author":1,"featured_media":0,"parent":0,"menu_order":0,"comment_status":"closed","ping_status":"closed","template":"","meta":{"_acf_changed":false,"footnotes":""},"class_list":["post-1508","page","type-page","status-publish","hentry"],"acf":[],"yoast_head":"<!-- This site is optimized with the Yoast SEO plugin v27.0 - https:\/\/yoast.com\/product\/yoast-seo-wordpress\/ -->\n<title>The Next Mobility Team \u2013 Experts in Sustainable Mobility &amp; Support<\/title>\n<meta name=\"description\" content=\"Meet the co-founders and consultants of Next Mobility: Andr\u00e9 Simonart, Nicolas Verstraete, Beno\u00eet Loosveld, Fran\u00e7ois de Troostembergh. Experience, passion, and pragmatism to guide you towards operational sustainable mobility.\" \/>\n<meta name=\"robots\" content=\"index, follow, max-snippet:-1, max-image-preview:large, max-video-preview:-1\" \/>\n<link rel=\"canonical\" href=\"https:\/\/www.nextmobility.be\/en\/team\/\" \/>\n<meta property=\"og:locale\" content=\"en_US\" \/>\n<meta property=\"og:type\" content=\"article\" \/>\n<meta property=\"og:title\" content=\"The Next Mobility Team \u2013 Experts in Sustainable Mobility &amp; Support\" \/>\n<meta property=\"og:description\" content=\"Meet the co-founders and consultants of Next Mobility: Andr\u00e9 Simonart, Nicolas Verstraete, Beno\u00eet Loosveld, Fran\u00e7ois de Troostembergh. Experience, passion, and pragmatism to guide you towards operational sustainable mobility.\" \/>\n<meta property=\"og:url\" content=\"https:\/\/www.nextmobility.be\/en\/team\/\" \/>\n<meta property=\"og:site_name\" content=\"Next Mobility\" \/>\n<meta property=\"article:publisher\" content=\"https:\/\/www.facebook.com\/nextmobility.be\" \/>\n<meta property=\"article:modified_time\" content=\"2025-09-23T11:57:21+00:00\" \/>\n<meta property=\"og:image\" content=\"https:\/\/nextmobility.be\/wp-content\/uploads\/2025\/07\/andre.png\" \/>\n<meta name=\"twitter:card\" content=\"summary_large_image\" \/>\n<meta name=\"twitter:label1\" content=\"Est. reading time\" \/>\n\t<meta name=\"twitter:data1\" content=\"2 minutes\" \/>\n<script type=\"application\/ld+json\" class=\"yoast-schema-graph\">{\"@context\":\"https:\/\/schema.org\",\"@graph\":[{\"@type\":\"WebPage\",\"@id\":\"https:\/\/www.nextmobility.be\/en\/team\/\",\"url\":\"https:\/\/www.nextmobility.be\/en\/team\/\",\"name\":\"The Next Mobility Team \u2013 Experts in Sustainable Mobility & Support\",\"isPartOf\":{\"@id\":\"https:\/\/www.nextmobility.be\/en\/#website\"},\"primaryImageOfPage\":{\"@id\":\"https:\/\/www.nextmobility.be\/en\/team\/#primaryimage\"},\"image\":{\"@id\":\"https:\/\/www.nextmobility.be\/en\/team\/#primaryimage\"},\"thumbnailUrl\":\"https:\/\/nextmobility.be\/wp-content\/uploads\/2025\/07\/andre.png\",\"datePublished\":\"2025-07-16T15:14:23+00:00\",\"dateModified\":\"2025-09-23T11:57:21+00:00\",\"description\":\"Meet the co-founders and consultants of Next Mobility: Andr\u00e9 Simonart, Nicolas Verstraete, Beno\u00eet Loosveld, Fran\u00e7ois de Troostembergh. Experience, passion, and pragmatism to guide you towards operational sustainable mobility.\",\"breadcrumb\":{\"@id\":\"https:\/\/www.nextmobility.be\/en\/team\/#breadcrumb\"},\"inLanguage\":\"en-US\",\"potentialAction\":[{\"@type\":\"ReadAction\",\"target\":[\"https:\/\/www.nextmobility.be\/en\/team\/\"]}]},{\"@type\":\"ImageObject\",\"inLanguage\":\"en-US\",\"@id\":\"https:\/\/www.nextmobility.be\/en\/team\/#primaryimage\",\"url\":\"https:\/\/nextmobility.be\/wp-content\/uploads\/2025\/07\/andre.png\",\"contentUrl\":\"https:\/\/nextmobility.be\/wp-content\/uploads\/2025\/07\/andre.png\"},{\"@type\":\"BreadcrumbList\",\"@id\":\"https:\/\/www.nextmobility.be\/en\/team\/#breadcrumb\",\"itemListElement\":[{\"@type\":\"ListItem\",\"position\":1,\"name\":\"Accueil\",\"item\":\"https:\/\/www.nextmobility.be\/en\/\"},{\"@type\":\"ListItem\",\"position\":2,\"name\":\"Team\"}]},{\"@type\":\"WebSite\",\"@id\":\"https:\/\/www.nextmobility.be\/en\/#website\",\"url\":\"https:\/\/www.nextmobility.be\/en\/\",\"name\":\"Next Mobility\",\"description\":\"Gestion de la Mobilit\u00e9 Durable\",\"publisher\":{\"@id\":\"https:\/\/www.nextmobility.be\/en\/#organization\"},\"potentialAction\":[{\"@type\":\"SearchAction\",\"target\":{\"@type\":\"EntryPoint\",\"urlTemplate\":\"https:\/\/www.nextmobility.be\/en\/?s={search_term_string}\"},\"query-input\":{\"@type\":\"PropertyValueSpecification\",\"valueRequired\":true,\"valueName\":\"search_term_string\"}}],\"inLanguage\":\"en-US\"},{\"@type\":\"Organization\",\"@id\":\"https:\/\/www.nextmobility.be\/en\/#organization\",\"name\":\"Next Mobility\",\"url\":\"https:\/\/www.nextmobility.be\/en\/\",\"logo\":{\"@type\":\"ImageObject\",\"inLanguage\":\"en-US\",\"@id\":\"https:\/\/www.nextmobility.be\/en\/#\/schema\/logo\/image\/\",\"url\":\"https:\/\/www.nextmobility.be\/wp-content\/uploads\/2025\/09\/logo-next-mobility-header.svg\",\"contentUrl\":\"https:\/\/www.nextmobility.be\/wp-content\/uploads\/2025\/09\/logo-next-mobility-header.svg\",\"caption\":\"Next Mobility\"},\"image\":{\"@id\":\"https:\/\/www.nextmobility.be\/en\/#\/schema\/logo\/image\/\"},\"sameAs\":[\"https:\/\/www.facebook.com\/nextmobility.be\",\"https:\/\/www.linkedin.com\/company\/nextmobility\/\",\"https:\/\/www.instagram.com\/nextmobilitybelgium\/\",\"https:\/\/www.youtube.com\/@NextMobilityBelgique\"]}]}<\/script>\n<!-- \/ Yoast SEO plugin. -->","yoast_head_json":{"title":"The Next Mobility Team \u2013 Experts in Sustainable Mobility & Support","description":"Meet the co-founders and consultants of Next Mobility: Andr\u00e9 Simonart, Nicolas Verstraete, Beno\u00eet Loosveld, Fran\u00e7ois de Troostembergh. Experience, passion, and pragmatism to guide you towards operational sustainable mobility.","robots":{"index":"index","follow":"follow","max-snippet":"max-snippet:-1","max-image-preview":"max-image-preview:large","max-video-preview":"max-video-preview:-1"},"canonical":"https:\/\/www.nextmobility.be\/en\/team\/","og_locale":"en_US","og_type":"article","og_title":"The Next Mobility Team \u2013 Experts in Sustainable Mobility & Support","og_description":"Meet the co-founders and consultants of Next Mobility: Andr\u00e9 Simonart, Nicolas Verstraete, Beno\u00eet Loosveld, Fran\u00e7ois de Troostembergh. Experience, passion, and pragmatism to guide you towards operational sustainable mobility.","og_url":"https:\/\/www.nextmobility.be\/en\/team\/","og_site_name":"Next Mobility","article_publisher":"https:\/\/www.facebook.com\/nextmobility.be","article_modified_time":"2025-09-23T11:57:21+00:00","og_image":[{"url":"https:\/\/nextmobility.be\/wp-content\/uploads\/2025\/07\/andre.png","type":"","width":"","height":""}],"twitter_card":"summary_large_image","twitter_misc":{"Est. reading time":"2 minutes"},"schema":{"@context":"https:\/\/schema.org","@graph":[{"@type":"WebPage","@id":"https:\/\/www.nextmobility.be\/en\/team\/","url":"https:\/\/www.nextmobility.be\/en\/team\/","name":"The Next Mobility Team \u2013 Experts in Sustainable Mobility & Support","isPartOf":{"@id":"https:\/\/www.nextmobility.be\/en\/#website"},"primaryImageOfPage":{"@id":"https:\/\/www.nextmobility.be\/en\/team\/#primaryimage"},"image":{"@id":"https:\/\/www.nextmobility.be\/en\/team\/#primaryimage"},"thumbnailUrl":"https:\/\/nextmobility.be\/wp-content\/uploads\/2025\/07\/andre.png","datePublished":"2025-07-16T15:14:23+00:00","dateModified":"2025-09-23T11:57:21+00:00","description":"Meet the co-founders and consultants of Next Mobility: Andr\u00e9 Simonart, Nicolas Verstraete, Beno\u00eet Loosveld, Fran\u00e7ois de Troostembergh. Experience, passion, and pragmatism to guide you towards operational sustainable mobility.","breadcrumb":{"@id":"https:\/\/www.nextmobility.be\/en\/team\/#breadcrumb"},"inLanguage":"en-US","potentialAction":[{"@type":"ReadAction","target":["https:\/\/www.nextmobility.be\/en\/team\/"]}]},{"@type":"ImageObject","inLanguage":"en-US","@id":"https:\/\/www.nextmobility.be\/en\/team\/#primaryimage","url":"https:\/\/nextmobility.be\/wp-content\/uploads\/2025\/07\/andre.png","contentUrl":"https:\/\/nextmobility.be\/wp-content\/uploads\/2025\/07\/andre.png"},{"@type":"BreadcrumbList","@id":"https:\/\/www.nextmobility.be\/en\/team\/#breadcrumb","itemListElement":[{"@type":"ListItem","position":1,"name":"Accueil","item":"https:\/\/www.nextmobility.be\/en\/"},{"@type":"ListItem","position":2,"name":"Team"}]},{"@type":"WebSite","@id":"https:\/\/www.nextmobility.be\/en\/#website","url":"https:\/\/www.nextmobility.be\/en\/","name":"Next Mobility","description":"Gestion de la Mobilit\u00e9 Durable","publisher":{"@id":"https:\/\/www.nextmobility.be\/en\/#organization"},"potentialAction":[{"@type":"SearchAction","target":{"@type":"EntryPoint","urlTemplate":"https:\/\/www.nextmobility.be\/en\/?s={search_term_string}"},"query-input":{"@type":"PropertyValueSpecification","valueRequired":true,"valueName":"search_term_string"}}],"inLanguage":"en-US"},{"@type":"Organization","@id":"https:\/\/www.nextmobility.be\/en\/#organization","name":"Next Mobility","url":"https:\/\/www.nextmobility.be\/en\/","logo":{"@type":"ImageObject","inLanguage":"en-US","@id":"https:\/\/www.nextmobility.be\/en\/#\/schema\/logo\/image\/","url":"https:\/\/www.nextmobility.be\/wp-content\/uploads\/2025\/09\/logo-next-mobility-header.svg","contentUrl":"https:\/\/www.nextmobility.be\/wp-content\/uploads\/2025\/09\/logo-next-mobility-header.svg","caption":"Next Mobility"},"image":{"@id":"https:\/\/www.nextmobility.be\/en\/#\/schema\/logo\/image\/"},"sameAs":["https:\/\/www.facebook.com\/nextmobility.be","https:\/\/www.linkedin.com\/company\/nextmobility\/","https:\/\/www.instagram.com\/nextmobilitybelgium\/","https:\/\/www.youtube.com\/@NextMobilityBelgique"]}]}},"_links":{"self":[{"href":"https:\/\/www.nextmobility.be\/en\/wp-json\/wp\/v2\/pages\/1508","targetHints":{"allow":["GET"]}}],"collection":[{"href":"https:\/\/www.nextmobility.be\/en\/wp-json\/wp\/v2\/pages"}],"about":[{"href":"https:\/\/www.nextmobility.be\/en\/wp-json\/wp\/v2\/types\/page"}],"author":[{"embeddable":true,"href":"https:\/\/www.nextmobility.be\/en\/wp-json\/wp\/v2\/users\/1"}],"replies":[{"embeddable":true,"href":"https:\/\/www.nextmobility.be\/en\/wp-json\/wp\/v2\/comments?post=1508"}],"version-history":[{"count":0,"href":"https:\/\/www.nextmobility.be\/en\/wp-json\/wp\/v2\/pages\/1508\/revisions"}],"wp:attachment":[{"href":"https:\/\/www.nextmobility.be\/en\/wp-json\/wp\/v2\/media?parent=1508"}],"curies":[{"name":"wp","href":"https:\/\/api.w.org\/{rel}","templated":true}]}}